{"id":1740,"date":"2022-04-20T15:54:49","date_gmt":"2022-04-20T13:54:49","guid":{"rendered":"https:\/\/linksys.pl\/?page_id=1740"},"modified":"2022-04-20T16:14:05","modified_gmt":"2022-04-20T14:14:05","slug":"dwuzakresowy-router-mesh-wi-fi-5-ax1800-mr7350","status":"publish","type":"page","link":"https:\/\/linksys.pl\/?page_id=1740","title":{"rendered":"Dwuzakresowy router mesh Wi-Fi 5 AX1800 (MR7350)"},"content":{"rendered":"<p>[vc_row][vc_column][vc_column_text]<p>[\/vc_column_text][\/vc_column][\/vc_row][vc_row][vc_column][vc_gallery interval=&#8221;10&#8243; images=&#8221;1751,1748,1749,1750,1746,1747&#8243; img_size=&#8221;full&#8221; css=&#8221;.vc_custom_1650463679244{padding-top: 10px !important;}&#8221;]<div class=\"dfd-heading-shortcode\"><div class=\"dfd-heading-module-wrap  text-center style_01 dfd-heading-69ffc6ada1a3c dfd-disable-resposive-headings\" id=\"dfd-heading-69ffc6ada1a3c\" ><div class=\"inline-block\"><div class=\"dfd-heading-module\"><h5 class=\"widget-title dfd-title \" style=\"\"><\/p>\n<h1>Dwuzakresowy router mesh Wi-Fi 5 AX1800 (MR7350)<\/h1>\n<p><\/h5><div class=\"dfd-heading-delimiter\"><\/div><\/div><\/div><\/div><script type=\"text\/javascript\">\r\n\t\t\t\t\t\t\t\t\t(function($) {\r\n\t\t\t\t\t\t\t\t\t\t$(\"head\").append(\"<style>.dfd-heading-69ffc6ada1a3c.dfd-heading-module-wrap .dfd-heading-module .dfd-heading-delimiter {border-bottom-style:solid;border-bottom-width:1px;width:100px;border-bottom-color:#dddddd;}.dfd-heading-69ffc6ada1a3c.dfd-heading-module-wrap .dfd-heading-module .dfd-heading-delimiter {margin-top:10px;margin-bottom:10px;}<\/style>\");\r\n\t\t\t\t\t\t\t\t\t})(jQuery);\r\n\t\t\t\t\t\t\t\t<\/script><\/div>[\/vc_column][\/vc_row][vc_row dfd_row_responsive_enable=&#8221;dfd-row-responsive-enable&#8221; responsive_styles=&#8221;margin_right_desktop:10|border_left_desktop:10|border_right_desktop:10|padding_top_desktop:10|padding_left_desktop:10|padding_right_desktop:10|margin_top_tablet:0|margin_bottom_tablet:0|margin_left_tablet:0|margin_right_tablet:0|border_top_tablet:10|border_bottom_tablet:10|border_left_tablet:10|border_right_tablet:10|padding_top_tablet:10|padding_bottom_tablet:10|padding_left_tablet:10|padding_right_tablet:10|margin_left_mobile:0|margin_right_mobile:0|border_top_mobile:10|border_bottom_mobile:10|border_left_mobile:10|border_right_mobile:10|padding_top_mobile:10|padding_bottom_mobile:10|padding_left_mobile:10|padding_right_mobile:10&#8243;][vc_column dfd_column_responsive_enable=&#8221;dfd-column-responsive-enable&#8221; css=&#8221;.vc_custom_1648216253754{padding-top: 10px !important;}&#8221; col_shadow=&#8221;box_shadow_enable:disable|shadow_horizontal:0|shadow_vertical:15|shadow_blur:50|shadow_spread:0|box_shadow_color:rgba(0%2C0%2C0%2C.35)&#8221; col_shadow_hover=&#8221;box_shadow_enable:disable|shadow_horizontal:0|shadow_vertical:15|shadow_blur:50|shadow_spread:0|box_shadow_color:rgba(0%2C0%2C0%2C.35)&#8221; responsive_styles=&#8221;margin_left_desktop:10|margin_right_desktop:10|border_left_desktop:10|border_right_desktop:10|padding_left_desktop:10|padding_right_desktop:10&#8243;][vc_column_text]<\/p>\n<h6><strong>MR7350 to wydajny dwuzakresowy router Wi-Fi 6 typu mesh, idealny dla dom\u00f3w, w kt\u00f3rych rozrywka jest bardzo wa\u017cna. Najnowsza technologia Wi-Fi 6 eliminuje zak\u0142\u00f3cenia, dzi\u0119ki czemu zawsze b\u0119dziesz mie\u0107 najsilniejszy i najczystszy sygna\u0142. Router MR7350 wyposa\u017cony w technologi\u0119 Velop\u00ae Intelligent Mesh\u2122 zapewnia odpowiedni szybki sygna\u0142 Wi-Fi dla wielu urz\u0105dze\u0144 jednocze\u015bnie w ca\u0142ym domu.<\/strong><strong>\u00a0<\/strong><\/h6>\n<p>[\/vc_column_text]<div class=\"dfd-spacer-module\"  data-units=\"px\" data-wide_resolution=\"1280\" data-wide_size=\"25\" data-normal_resolution=\"1024\" data-normal_size=\"10\" data-tablet_resolution=\"800\" data-tablet_size=\"10\" data-mobile_resolution=\"480\" data-mobile_size=\"10\" style=\"height: 25px;\"><\/div><div class=\"dfd-heading-shortcode\"><div class=\"dfd-heading-module-wrap  text-center style_01 dfd-heading-69ffc6ada1b37 dfd-disable-resposive-headings\" id=\"dfd-heading-69ffc6ada1b37\" ><div class=\"inline-block\"><div class=\"dfd-heading-module\"><h5 class=\"widget-title dfd-title \" style=\"\"><\/p>\n<h2>Nieprzerwana transmisja i gry online dla ca\u0142ej rodziny<\/h2>\n<p><\/h5><div class=\"dfd-heading-delimiter\"><\/div><\/div><\/div><\/div><script type=\"text\/javascript\">\r\n\t\t\t\t\t\t\t\t\t(function($) {\r\n\t\t\t\t\t\t\t\t\t\t$(\"head\").append(\"<style>.dfd-heading-69ffc6ada1b37.dfd-heading-module-wrap .dfd-heading-module .dfd-heading-delimiter {border-bottom-style:solid;border-bottom-width:1px;width:100px;border-bottom-color:#dddddd;}.dfd-heading-69ffc6ada1b37.dfd-heading-module-wrap .dfd-heading-module .dfd-heading-delimiter {margin-top:10px;margin-bottom:10px;}<\/style>\");\r\n\t\t\t\t\t\t\t\t\t})(jQuery);\r\n\t\t\t\t\t\t\t\t<\/script><\/div>[\/vc_column][\/vc_row][vc_row dfd_row_responsive_enable=&#8221;dfd-row-responsive-enable&#8221; css=&#8221;.vc_custom_1649686765692{padding-top: 0px !important;padding-right: 0px !important;padding-bottom: 0px !important;padding-left: 0px !important;}&#8221; responsive_styles=&#8221;margin_top_desktop:10|margin_bottom_desktop:10|margin_left_desktop:10|margin_right_desktop:10|border_top_desktop:10|border_bottom_desktop:10|border_left_desktop:10|border_right_desktop:10|padding_top_desktop:10|padding_bottom_desktop:10|padding_left_desktop:10|padding_right_desktop:10|margin_left_tablet:10|margin_right_tablet:10|border_top_tablet:10|border_bottom_tablet:10|border_left_tablet:10|border_right_tablet:10|padding_top_tablet:10|padding_bottom_tablet:10|padding_left_tablet:10|padding_right_tablet:10|margin_top_mobile:0|margin_bottom_mobile:0|margin_left_mobile:10|margin_right_mobile:10|border_top_mobile:10|border_bottom_mobile:10|border_left_mobile:10|border_right_mobile:10|padding_top_mobile:10|padding_bottom_mobile:10|padding_left_mobile:10|padding_right_mobile:10&#8243;][vc_column css=&#8221;.vc_custom_1648215032197{padding-top: 10px !important;}&#8221; col_shadow=&#8221;box_shadow_enable:disable|shadow_horizontal:0|shadow_vertical:15|shadow_blur:50|shadow_spread:0|box_shadow_color:rgba(0%2C0%2C0%2C.35)&#8221; col_shadow_hover=&#8221;box_shadow_enable:disable|shadow_horizontal:0|shadow_vertical:15|shadow_blur:50|shadow_spread:0|box_shadow_color:rgba(0%2C0%2C0%2C.35)&#8221;]<div class=\"dfd-spacer-module\"  data-units=\"px\" data-wide_resolution=\"1280\" data-wide_size=\"25\" data-normal_resolution=\"1024\" data-normal_size=\"10\" data-tablet_resolution=\"800\" data-tablet_size=\"10\" data-mobile_resolution=\"480\" data-mobile_size=\"10\" style=\"height: 25px;\"><\/div>[vc_column_text]<\/p>\n<p>Je\u017celi Twoje oczekiwania wzgl\u0119dem Wi-Fi wzrosn\u0105, po prostu dodaj jakikolwiek produkt Linksys dla Wi-Fi typu mesh, aby zwi\u0119kszy\u0107 zasi\u0119g sieci. Wszystkie wsp\u00f3\u0142pracuj\u0105 p\u0142ynnie, wi\u0119c nie ma potrzeby r\u0119cznego prze\u0142\u0105czania mi\u0119dzy sieciami. Dzi\u0119ki aplikacji Linksys router Wi-Fi 6 MR7350 jest tak \u0142atwy do skonfigurowania, \u017ce mo\u017cna przesy\u0142a\u0107 strumieniowo filmy w rozdzielczo\u015bci 4K w zaledwie kilka minut.<\/p>\n<p>[\/vc_column_text]<div class=\"dfd-spacer-module\"  data-units=\"px\" data-wide_resolution=\"1280\" data-wide_size=\"25\" data-normal_resolution=\"1024\" data-normal_size=\"10\" data-tablet_resolution=\"800\" data-tablet_size=\"10\" data-mobile_resolution=\"480\" data-mobile_size=\"10\" style=\"height: 25px;\"><\/div>[vc_column_text]<\/p>\n<h4>W SKR\u00d3CIE<\/h4>\n<ul>\n<li>Szybkie Wi-Fi do 1775 MB\/s.<\/li>\n<li>100-procentowa wsteczna kompatybilno\u015b\u0107 ze wszystkimi istniej\u0105cymi urz\u0105dzeniami obs\u0142uguj\u0105cymi Wi-Fi.<\/li>\n<li>Wiele os\u00f3b w ca\u0142ym domu mo\u017ce jednocze\u015bnie korzysta\u0107 z transmisji strumieniowej i gra\u0107*. (* Jedynym ograniczeniem jest wykupiona u dostawcy Internetu pr\u0119dko\u015b\u0107.)<\/li>\n<li>Router dwuzakresowy z technologi\u0105 Intelligent Mesh\u2122.<\/li>\n<li>Zwi\u0119ksz zasi\u0119g, po prostu dodaj\u0105c jeden (lub wi\u0119cej) produkt Linksys dla sieci Wi-Fi typu mesh.<\/li>\n<li>Kompatybilny z dowolnym modemem lub planem ISP.<\/li>\n<li>Dwuletnia ograniczona gwarancja na produkt<\/li>\n<\/ul>\n<p>&nbsp;<\/p>\n<p>[\/vc_column_text]<div class=\"dfd-spacer-module\"  data-units=\"px\" data-wide_resolution=\"1280\" data-wide_size=\"25\" data-normal_resolution=\"1024\" data-normal_size=\"10\" data-tablet_resolution=\"800\" data-tablet_size=\"10\" data-mobile_resolution=\"480\" data-mobile_size=\"10\" style=\"height: 25px;\"><\/div>[\/vc_column][\/vc_row][vc_row dfd_row_responsive_enable=&#8221;dfd-row-responsive-enable&#8221; responsive_styles=&#8221;margin_top_desktop:10|margin_bottom_desktop:10|margin_left_desktop:10|margin_right_desktop:10|border_top_desktop:10|border_bottom_desktop:10|border_left_desktop:10|border_right_desktop:10|padding_top_desktop:10|padding_bottom_desktop:10|padding_left_desktop:10|padding_right_desktop:10|border_top_tablet:10|border_bottom_tablet:10|border_left_tablet:10|border_right_tablet:10|padding_top_tablet:10|padding_bottom_tablet:10|padding_left_tablet:10|padding_right_tablet:10|border_top_mobile:10|border_bottom_mobile:10|border_left_mobile:10|border_right_mobile:10|padding_top_mobile:10|padding_bottom_mobile:10|padding_left_mobile:10|padding_right_mobile:10&#8243;][vc_column column_responsive_mobile_resolutions=&#8221;dfd-apply-laptop,dfd-apply-tablet,dfd-apply-mobile&#8221; dfd_column_responsive_enable=&#8221;dfd-column-responsive-enable&#8221; css=&#8221;.vc_custom_1648215020292{padding-top: 10px !important;}&#8221; col_shadow=&#8221;box_shadow_enable:disable|shadow_horizontal:0|shadow_vertical:15|shadow_blur:50|shadow_spread:0|box_shadow_color:rgba(0%2C0%2C0%2C.35)&#8221; col_shadow_hover=&#8221;box_shadow_enable:disable|shadow_horizontal:0|shadow_vertical:15|shadow_blur:50|shadow_spread:0|box_shadow_color:rgba(0%2C0%2C0%2C.35)&#8221; responsive_styles=&#8221;padding_top_desktop:10&#8243;]<div class=\"dfd-spacer-module\"  data-units=\"px\" data-wide_resolution=\"1280\" data-wide_size=\"25\" data-normal_resolution=\"1024\" data-normal_size=\"10\" data-tablet_resolution=\"800\" data-tablet_size=\"10\" data-mobile_resolution=\"480\" data-mobile_size=\"10\" style=\"height: 25px;\"><\/div>[vc_column_text]<\/p>\n<h4>NAJWA\u017bNIEJSZE CECHY<\/h4>\n<p><strong>Jednocze\u015bnie korzystaj ze streamingu, graj i nie tylko <br \/><\/strong>Wyeliminuj buforowanie i op\u00f3\u017anienia. Mo\u017cliwe jednoczesne korzystanie z rozrywki przez wiele os\u00f3b. ( Jedynym ograniczeniem jest wykupiona u dostawcy Internetu pr\u0119dko\u015b\u0107.)<\/p>\n<p><strong>Wysoka pr\u0119dko\u015b\u0107<br \/><\/strong>Czterordzeniowy procesor i dwuzakresowy system z technologi\u0105 MU\u2011MIMO zapewniaj\u0105 transfer z szybko\u015bci\u0105 do 1775 MB\/s.<\/p>\n<p><strong>Minimalizuje przeci\u0105\u017cenie sieci Wi-Fi<br \/><\/strong>Eliminuje zak\u0142\u00f3cenia z s\u0105siednich sieci dzi\u0119ki technologii Wi-Fi 6, kt\u00f3ra umo\u017cliwia odizolowanie sieci i zapewnia mo\u017cliwie najczystszy sygna\u0142.<\/p>\n<p><strong>Wi\u0119ksza wydajno\u015b\u0107 dla wi\u0119kszej liczby urz\u0105dze\u0144<br \/><\/strong>Wi-Fi 6 wysy\u0142a i odbiera wiele strumieni danych jednocze\u015bnie, zapewniaj\u0105c do 4 razy wi\u0119ksz\u0105 wydajno\u015b\u0107 Wi-Fi.<\/p>\n<p><strong>Inteligentniejsze zabezpieczenia<br \/><\/strong>Dzi\u0119ki automatycznym aktualizacjom oprogramowania uk\u0142adowego, kontroli rodzicielskiej i osobnemu dost\u0119powi dla go\u015bci Twoja sie\u0107 pozostaje zawsze bezpieczna, a system \u2013 aktualny.<\/p>\n<p><strong>\u0141atwa w rozbudowie sie\u0107 Wi-Fi typu mesh<br \/><\/strong>Wystarczy doda\u0107 jakikolwiek produkt Linksys dla Wi-Fi typu mesh, aby w dowolnym momencie bezproblemowo zwi\u0119kszy\u0107 zasi\u0119g Wi-Fi.<\/p>\n<p>[\/vc_column_text]<div class=\"dfd-spacer-module\"  data-units=\"px\" data-wide_resolution=\"1280\" data-wide_size=\"25\" data-normal_resolution=\"1024\" data-normal_size=\"10\" data-tablet_resolution=\"800\" data-tablet_size=\"10\" data-mobile_resolution=\"480\" data-mobile_size=\"10\" style=\"height: 25px;\"><\/div>[vc_column_text]<\/p>\n<h4>\u0141ATWA KONFIGURACJA ZA POMOC\u0104 APLIKACJI<\/h4>\n<p>Konfiguracja dwuzakresowego routera AX6000 mesh Wi-Fi 6 (MR9600) jest \u0142atwa. Pobierz aplikacj\u0119 Linksys na dowolnym smartfonie z systemami iOS lub Android. Aplikacja automatycznie identyfikuje urz\u0105dzenie, kt\u00f3re ma zosta\u0107 skonfigurowane, i udost\u0119pnia animowany przewodnik po konfiguracji, kt\u00f3ry zapewni Ci dost\u0119p do sieci w ci\u0105gu kilku minut. Dzi\u0119ki aplikacji Linksys zawsze mo\u017cesz monitorowa\u0107 domow\u0105 sie\u0107 Wi-Fi i zarz\u0105dza\u0107 ni\u0105 z dowolnego miejsca, u\u017cywaj\u0105c do tego smartfona lub tabletu.[\/vc_column_text]<div class=\"dfd-spacer-module\"  data-units=\"px\" data-wide_resolution=\"1280\" data-wide_size=\"25\" data-normal_resolution=\"1024\" data-normal_size=\"10\" data-tablet_resolution=\"800\" data-tablet_size=\"10\" data-mobile_resolution=\"480\" data-mobile_size=\"10\" style=\"height: 25px;\"><\/div>[vc_single_image image=&#8221;1752&#8243; img_size=&#8221;full&#8221; alignment=&#8221;center&#8221;]<div class=\"dfd-spacer-module\"  data-units=\"px\" data-wide_resolution=\"1280\" data-wide_size=\"25\" data-normal_resolution=\"1024\" data-normal_size=\"10\" data-tablet_resolution=\"800\" data-tablet_size=\"10\" data-mobile_resolution=\"480\" data-mobile_size=\"10\" style=\"height: 25px;\"><\/div>[vc_column_text]<\/p>\n<h4>ZASI\u0118G WI-FI W KA\u017bDYM MIEJSCU W TWOIM DOMU<\/h4>\n<p>Dzi\u0119ki wbudowanej funkcji Wi-Fi Velop Intelligent Mesh\u2122 router w pe\u0142ni dostosuje si\u0119 do potrzeb wzgl\u0119dem Wi-Fi w Twoim domu. Je\u017celi Twoje oczekiwania wzgl\u0119dem Wi-Fi wzrosn\u0105, po prostu dodaj jakikolwiek produkt Linksys Mesh Wi-Fi, aby zwi\u0119kszy\u0107 zasi\u0119g sieci. Wszystkie wsp\u00f3\u0142pracuj\u0105 p\u0142ynnie z modelem MR9600, wi\u0119c nie ma potrzeby r\u0119cznego prze\u0142\u0105czania mi\u0119dzy sieciami.[\/vc_column_text]<div class=\"dfd-spacer-module\"  data-units=\"px\" data-wide_resolution=\"1280\" data-wide_size=\"25\" data-normal_resolution=\"1024\" data-normal_size=\"10\" data-tablet_resolution=\"800\" data-tablet_size=\"10\" data-mobile_resolution=\"480\" data-mobile_size=\"10\" style=\"height: 25px;\"><\/div>[vc_column_text]<\/p>\n<h4>KONTROLUJ SWOJE WI-FI W CZASIE RZECZYWISTYM, GDZIEKOLWIEK JESTE\u015a<\/h4>\n<p>Aplikacja Linksys stanowi centrum dowodzenia dla Twojej sieci Wi-Fi. Sprawdzaj stan pod\u0142\u0105czonych urz\u0105dze\u0144, konfiguruj uprawnienia go\u015bci oraz ograniczaj dzieciom dost\u0119p do sieci.<\/p>\n<p><strong>Aplikacja Linksys w skr\u00f3cie:<\/strong><\/p>\n<p>\u2022 Sprawdzaj, jakie urz\u0105dzenia s\u0105 pod\u0142\u0105czone, i \u0142atwo ograniczaj korzystanie z Internetu za pomoc\u0105 funkcji kontroli rodzicielskiej.<br \/>\n\u2022 Przypisuj hierarchi\u0119 przepustowo\u015bci za pomoc\u0105 priorytetu urz\u0105dze\u0144.<br \/>\n\u2022 Zapewniaj bezpiecze\u0144stwo Wi-Fi dzi\u0119ki automatycznej aktualizacji oprogramowania sprz\u0119towego.<br \/>\n\u2022 Udzielaj go\u015bciom dost\u0119pu i przesy\u0142aj im has\u0142o za po\u015brednictwem wiadomo\u015bci tekstowych.[\/vc_column_text]<div class=\"dfd-spacer-module\"  data-units=\"px\" data-wide_resolution=\"1280\" data-wide_size=\"25\" data-normal_resolution=\"1024\" data-normal_size=\"10\" data-tablet_resolution=\"800\" data-tablet_size=\"10\" data-mobile_resolution=\"480\" data-mobile_size=\"10\" style=\"height: 25px;\"><\/div>[vc_media_grid element_width=&#8221;3&#8243; grid_id=&#8221;vc_gid:1650463618898-c7211c29869f8f574c34906b072d332d-2&#8243; include=&#8221;1478,1479,1480,1481&#8243; css=&#8221;.vc_custom_1649939486710{padding-top: 10px !important;padding-right: 10px !important;padding-bottom: 10px !important;padding-left: 10px !important;}&#8221;]<div class=\"dfd-spacer-module\"  data-units=\"px\" data-wide_resolution=\"1280\" data-wide_size=\"25\" data-normal_resolution=\"1024\" data-normal_size=\"10\" data-tablet_resolution=\"800\" data-tablet_size=\"10\" data-mobile_resolution=\"480\" data-mobile_size=\"10\" style=\"height: 25px;\"><\/div><div class=\"dfd-spacer-module\"  data-units=\"px\" data-wide_resolution=\"1280\" data-wide_size=\"25\" data-normal_resolution=\"1024\" data-normal_size=\"10\" data-tablet_resolution=\"800\" data-tablet_size=\"10\" data-mobile_resolution=\"480\" data-mobile_size=\"10\" style=\"height: 25px;\"><\/div>[\/vc_column][\/vc_row][vc_row][vc_column]<div class=\"dfd-heading-shortcode\"><div class=\"dfd-heading-module-wrap  text-center style_01 dfd-heading-69ffc6ada1d22 dfd-disable-resposive-headings\" id=\"dfd-heading-69ffc6ada1d22\" ><div class=\"inline-block\"><div class=\"dfd-heading-module\"><h5 class=\"widget-title dfd-title \" style=\"\"><\/p>\n<h2>Dane techniczne<\/h2>\n<p><\/h5><div class=\"dfd-heading-delimiter\"><\/div><\/div><\/div><\/div><script type=\"text\/javascript\">\r\n\t\t\t\t\t\t\t\t\t(function($) {\r\n\t\t\t\t\t\t\t\t\t\t$(\"head\").append(\"<style>.dfd-heading-69ffc6ada1d22.dfd-heading-module-wrap .dfd-heading-module .dfd-heading-delimiter {border-bottom-style:solid;border-bottom-width:1px;width:100px;border-bottom-color:#dddddd;}.dfd-heading-69ffc6ada1d22.dfd-heading-module-wrap .dfd-heading-module .dfd-heading-delimiter {margin-top:10px;margin-bottom:10px;}<\/style>\");\r\n\t\t\t\t\t\t\t\t\t})(jQuery);\r\n\t\t\t\t\t\t\t\t<\/script><\/div>[vc_column_text][\/vc_column_text][\/vc_column][\/vc_row][vc_row dfd_row_responsive_enable=&#8221;dfd-row-responsive-enable&#8221; responsive_styles=&#8221;margin_top_desktop:10|margin_bottom_desktop:10|margin_left_desktop:10|margin_right_desktop:10|border_top_desktop:10|border_bottom_desktop:10|border_left_desktop:10|border_right_desktop:10|padding_top_desktop:10|padding_bottom_desktop:10|padding_left_desktop:10|padding_right_desktop:10|margin_top_tablet:10|margin_bottom_tablet:10|margin_left_tablet:10|margin_right_tablet:10|border_top_tablet:10|border_bottom_tablet:10|border_left_tablet:10|border_right_tablet:10|padding_top_tablet:10|padding_bottom_tablet:10|padding_left_tablet:10|padding_right_tablet:10|margin_top_mobile:10|margin_bottom_mobile:10|margin_left_mobile:10|margin_right_mobile:10|border_top_mobile:10|border_bottom_mobile:10|border_left_mobile:10|border_right_mobile:10|padding_top_mobile:10|padding_bottom_mobile:10|padding_left_mobile:10|padding_right_mobile:10&#8243;][vc_column][vc_column_text]<\/p>\n<p><strong>Zawarto\u015b\u0107 opakowania:<\/strong><\/p>\n<ul>\n<li>Dwuzakresowy router mesh Wi-Fi 6 AX1800<\/li>\n<li>2 dwuzakresowe zewn\u0119trzne anteny sta\u0142e ze wzmacniaczami du\u017cej mocy<\/li>\n<li>Zasilacz, kabel Ethernet<\/li>\n<li>Przewodnik \u201eSzybki start\u201d<\/li>\n<li>Drukowana dokumentacja<\/li>\n<\/ul>\n<hr \/>\n<p><strong>Elementy wymagane do przeprowadzenia konfiguracji:<\/strong><\/p>\n<p>Prosta i bezpieczna konfiguracja za pomoc\u0105 aplikacji<\/p>\n<ol>\n<li>Po\u0142\u0105czenie internetowe za pomoc\u0105 modemu lub modemu z funkcj\u0105 routera<\/li>\n<li>Dzia\u0142a z urz\u0105dzeniami z systemami iOS 9lub Android\u2122 4.4 z transmisj\u0105 danych<\/li>\n<\/ol>\n<hr \/>\n<p><strong>Bluetooth\u00ae<\/strong><\/p>\n<p>4.1\/LE dla bezpiecznej i \u0142atwej konfiguracji za pomoc\u0105 aplikacji<\/p>\n<hr \/>\n<p><strong>Procesor i pami\u0119\u0107 dla szybszego przetwarzania:<\/strong><\/p>\n<ul>\n<li>1,2 GHz czterordzeniowy<\/li>\n<li>256 MB Flash i 512 MB SD RAM<\/li>\n<\/ul>\n<hr \/>\n<p><strong>Specyfikacja Wi-Fi:<\/strong><\/p>\n<p>Wi-Fi 6, AX1800* z 8-strumieniowym Wi-Fi i 256\u2011QAM<\/p>\n<hr \/>\n<p><strong>Przewodowa \u0142\u0105czno\u015b\u0107 dla WAN i LAN:<\/strong><\/p>\n<ul>\n<li>5 gniazd Gigabit Ethernet:<\/li>\n<li>1X WAN, 4X LAN,<\/li>\n<li>1X port USB 3.0<\/li>\n<\/ul>\n<hr \/>\n<p><strong>Zabezpieczenia:<\/strong><\/p>\n<p>Szyfrowanie osobiste WPA2, 128-bitowe szyfrowanie \u0142\u0105cza AES<\/p>\n<p>2X2 MU-MIMO:<\/p>\n<ul>\n<li>Pasmo 2,4 GHz 574 MB\/s*<\/li>\n<li>Pasmo 5 GHz 1 1201 MB\/s*<\/li>\n<\/ul>\n<p>&nbsp;<\/p>\n<p>Technologia \u0142atwego routingu<\/p>\n<p>Technologia Advanced Beamforming+ (zaawansowanego formowania wi\u0105zki)<\/p>\n<p>Sterowanie pasmem za pomoc\u0105 aplikacji Smart Connect<\/p>\n<p>IEEE a\/b\/g\/n\/ac.<\/p>\n<hr \/>\n<p><strong>Zasilacz:<\/strong><\/p>\n<p><strong>Wej\u015bcie:<\/strong> <br \/>100\u2013240 V AC, 50\/60 Hz, 0,6 A<\/p>\n<p><strong>Wyj\u015bcie:<\/strong> <br \/>12 V DC, 2,0 A<\/p>\n<hr \/>\n<p><strong>Typ anteny Wi<\/strong><strong>\u2011<\/strong><strong>Fi:<\/strong><br \/>Dipol<\/p>\n<hr \/>\n<p><strong>Typ anteny Bluetooth:<\/strong><br \/>Metalowa<\/p>\n<hr \/>\n<p><strong>Zysk anteny Bluetooth:<\/strong><br \/>3,60 dBi<\/p>\n<hr \/>\n<p><strong>EIRP Bluetooth:<\/strong><br \/>9,90 dBm<\/p>\n<hr \/>\n<p><strong>Cz\u0119stotliwo\u015bci robocze i moc wyj\u015bciowa Wi-Fi (EIRP)<\/strong><\/p>\n<p><strong>2,4 GHz<\/strong><\/p>\n<ul>\n<li>2412\u20132472 MHz 19,34 dBm<\/li>\n<li>Formowanie wi\u0105zki 19,68 dBm<\/li>\n<\/ul>\n<p>5 GHz<\/p>\n<ul>\n<li>5180\u20135240 MHz 21,22 dBm<\/li>\n<li>Formowanie wi\u0105zki 22,53 dBm<\/li>\n<li>5260\u20135320 MHz 20,86 dBm<\/li>\n<li>Formowanie wi\u0105zki 22,49 dBm<\/li>\n<li>5500\u20135700 MHz 28,64 dBm<\/li>\n<li>Formowanie wi\u0105zki 29,59 dBm<\/li>\n<\/ul>\n<hr \/>\n<p><strong>Zysk energetyczny anteny Wi-Fi:<\/strong><\/p>\n<ul>\n<li>2412\u20132472 MHz 2,39 dBi<\/li>\n<li>5180\u20135240 MHz 3,07 dBi<\/li>\n<li>5260\u20135320 MHz 3,03 dBi<\/li>\n<li>5500\u20135700 MHz 3,13 dBi<\/li>\n<\/ul>\n<hr \/>\n<p><strong>Temperatura robocza:<\/strong><br \/>od 0 do 40\u00b0C<\/p>\n<p><strong>Temperatura przechowywania:<\/strong><br \/>od -20 do 60\u00b0C<\/p>\n<p><strong>Zakres wilgotno\u015bci:<\/strong><br \/>od 10 do 80% Wymiary<\/p>\n<hr \/>\n<p><strong>Produkt<\/strong><\/p>\n<ul>\n<li>Waga 0,70 kg<\/li>\n<li>G\u0142\u0119boko\u015b\u0107 14,98 cm<\/li>\n<li>Szeroko\u015b\u0107 20,49 cm<\/li>\n<li>Wysoko\u015b\u0107 13,71 cm<\/li>\n<\/ul>\n<p><strong>Jednostka w opakowaniu detalicznym: <\/strong><\/p>\n<ul>\n<li>Waga 1,06 kg<\/li>\n<li>G\u0142\u0119boko\u015b\u0107 8,71 cm<\/li>\n<li>Szeroko\u015b\u0107 22,50 cm<\/li>\n<li>Wysoko\u015b\u0107 24 cm<\/li>\n<\/ul>\n<p><strong>Wymiary opakowania zbiorczego: <\/strong><\/p>\n<ul>\n<li>Ilo\u015b\u0107 (*PL) 4 na opakowanie<\/li>\n<li>Waga (*PL) 4,898 kg<\/li>\n<li>G\u0142\u0119boko\u015b\u0107 (*PL) 24 cm<\/li>\n<li>Szeroko\u015b\u0107 (*PL) 38,5 cm<\/li>\n<li>Wysoko\u015b\u0107 (*PL) 27 cm RH (bez kondensacji)<\/li>\n<\/ul>\n<hr \/>\n<p>* Maksymalna wydajno\u015b\u0107 na podstawie specyfikacji standardu IEEE 802.11. Parametry techniczne mog\u0105 ulec zmianie bez uprzedzenia. Rzeczywista wydajno\u015b\u0107 mo\u017ce odbiega\u0107\u00a0 od nominalnej. Mo\u017ce to dotyczy\u0107 m.in. mniejszej przepustowo\u015bci sieci bezprzewodowej, szybko\u015bci przesy\u0142ania danych, zasi\u0119gu i obszaru pokrycia. Wydajno\u015b\u0107 zale\u017cy od wielu czynnik\u00f3w, warunk\u00f3w i zmiennych, w tym u\u017cywanych produkt\u00f3w, zak\u0142\u00f3ce\u0144 i innych niesprzyjaj\u0105cych okoliczno\u015bci. Rzeczywista szybko\u015b\u0107 transmisji danych jest ni\u017csza i mo\u017ce zale\u017ce\u0107 od typu u\u017cywanych urz\u0105dze\u0144 bezprzewodowych oraz czynnik\u00f3w zewn\u0119trznych. Aby m\u00f3c po\u0142\u0105czy\u0107 ten router i inne pod\u0142\u0105czone do niego komputery i urz\u0105dzenia z Internetem, niezb\u0119dne jest posiadanie aktywnego, op\u0142acanego przez klienta szerokopasmowego \u0142\u0105cza internetowego. Niekt\u00f3re urz\u0105dzenia mog\u0105 wymaga\u0107 dodatkowych adapter\u00f3w bezprzewodowych spe\u0142niaj\u0105cych maksymalne standardy Wi-Fi tego produktu lub kabla Ethernet do po\u0142\u0105czenia z tym routerem.<\/p>\n<p>[\/vc_column_text][\/vc_column][\/vc_row][vc_row][vc_column][vc_column_text]<\/p>\n[\/vc_column_text][\/vc_column][\/vc_row]<\/p>\n","protected":false},"excerpt":{"rendered":"<p>[vc_row][vc_column][vc_column_text][\/vc_column_text][\/vc_column][\/vc_row]<\/p>\n","protected":false},"author":5,"featured_media":0,"parent":4,"menu_order":0,"comment_status":"closed","ping_status":"closed","template":"","meta":[],"_links":{"self":[{"href":"https:\/\/linksys.pl\/index.php?rest_route=\/wp\/v2\/pages\/1740"}],"collection":[{"href":"https:\/\/linksys.pl\/index.php?rest_route=\/wp\/v2\/pages"}],"about":[{"href":"https:\/\/linksys.pl\/index.php?rest_route=\/wp\/v2\/types\/page"}],"author":[{"embeddable":true,"href":"https:\/\/linksys.pl\/index.php?rest_route=\/wp\/v2\/users\/5"}],"replies":[{"embeddable":true,"href":"https:\/\/linksys.pl\/index.php?rest_route=%2Fwp%2Fv2%2Fcomments&post=1740"}],"version-history":[{"count":4,"href":"https:\/\/linksys.pl\/index.php?rest_route=\/wp\/v2\/pages\/1740\/revisions"}],"predecessor-version":[{"id":1753,"href":"https:\/\/linksys.pl\/index.php?rest_route=\/wp\/v2\/pages\/1740\/revisions\/1753"}],"up":[{"embeddable":true,"href":"https:\/\/linksys.pl\/index.php?rest_route=\/wp\/v2\/pages\/4"}],"wp:attachment":[{"href":"https:\/\/linksys.pl\/index.php?rest_route=%2Fwp%2Fv2%2Fmedia&parent=1740"}],"curies":[{"name":"wp","href":"https:\/\/api.w.org\/{rel}","templated":true}]}}