{"id":1687,"date":"2022-04-20T10:37:08","date_gmt":"2022-04-20T08:37:08","guid":{"rendered":"https:\/\/linksys.pl\/?page_id=1687"},"modified":"2022-04-20T11:01:38","modified_gmt":"2022-04-20T09:01:38","slug":"dwuzakresowy-router-mesh-wi-fi-6-ax6000-mr9600-eu","status":"publish","type":"page","link":"https:\/\/linksys.pl\/?page_id=1687","title":{"rendered":"Dwuzakresowy router mesh Wi-Fi 6 AX6000 (MR9600-EU)"},"content":{"rendered":"<p>[vc_row][vc_column][vc_column_text]<p>[\/vc_column_text][\/vc_column][\/vc_row][vc_row][vc_column][vc_gallery interval=&#8221;10&#8243; images=&#8221;1701,1702,1703,1704,1705,1706,1707,1709,1710&#8243; img_size=&#8221;full&#8221; css=&#8221;.vc_custom_1650444086067{padding-top: 10px !important;}&#8221;]<div class=\"dfd-heading-shortcode\"><div class=\"dfd-heading-module-wrap  text-center style_01 dfd-heading-69ffc5a39fd34 dfd-disable-resposive-headings\" id=\"dfd-heading-69ffc5a39fd34\" ><div class=\"inline-block\"><div class=\"dfd-heading-module\"><h5 class=\"widget-title dfd-title \" style=\"\">&nbsp;<\/p>\n<h1>Dwuzakresowy router mesh Wi-Fi 6 AX6000 (MR9600-EU)<\/h1>\n<p><\/h5><div class=\"dfd-heading-delimiter\"><\/div><\/div><\/div><\/div><script type=\"text\/javascript\">\r\n\t\t\t\t\t\t\t\t\t(function($) {\r\n\t\t\t\t\t\t\t\t\t\t$(\"head\").append(\"<style>.dfd-heading-69ffc5a39fd34.dfd-heading-module-wrap .dfd-heading-module .dfd-heading-delimiter {border-bottom-style:solid;border-bottom-width:1px;width:100px;border-bottom-color:#dddddd;}.dfd-heading-69ffc5a39fd34.dfd-heading-module-wrap .dfd-heading-module .dfd-heading-delimiter {margin-top:10px;margin-bottom:10px;}<\/style>\");\r\n\t\t\t\t\t\t\t\t\t})(jQuery);\r\n\t\t\t\t\t\t\t\t<\/script><\/div>[\/vc_column][\/vc_row][vc_row][vc_column][vc_column_text]<\/p>\n[\/vc_column_text][\/vc_column][\/vc_row][vc_row][vc_column][vc_column_text]<p>[\/vc_column_text][\/vc_column][\/vc_row][vc_row dfd_row_responsive_enable=&#8221;dfd-row-responsive-enable&#8221; responsive_styles=&#8221;margin_right_desktop:10|border_left_desktop:10|border_right_desktop:10|padding_top_desktop:10|padding_left_desktop:10|padding_right_desktop:10|margin_top_tablet:0|margin_bottom_tablet:0|margin_left_tablet:0|margin_right_tablet:0|border_top_tablet:10|border_bottom_tablet:10|border_left_tablet:10|border_right_tablet:10|padding_top_tablet:10|padding_bottom_tablet:10|padding_left_tablet:10|padding_right_tablet:10|margin_left_mobile:0|margin_right_mobile:0|border_top_mobile:10|border_bottom_mobile:10|border_left_mobile:10|border_right_mobile:10|padding_top_mobile:10|padding_bottom_mobile:10|padding_left_mobile:10|padding_right_mobile:10&#8243;][vc_column dfd_column_responsive_enable=&#8221;dfd-column-responsive-enable&#8221; css=&#8221;.vc_custom_1648216253754{padding-top: 10px !important;}&#8221; col_shadow=&#8221;box_shadow_enable:disable|shadow_horizontal:0|shadow_vertical:15|shadow_blur:50|shadow_spread:0|box_shadow_color:rgba(0%2C0%2C0%2C.35)&#8221; col_shadow_hover=&#8221;box_shadow_enable:disable|shadow_horizontal:0|shadow_vertical:15|shadow_blur:50|shadow_spread:0|box_shadow_color:rgba(0%2C0%2C0%2C.35)&#8221; responsive_styles=&#8221;margin_left_desktop:10|margin_right_desktop:10|border_left_desktop:10|border_right_desktop:10|padding_left_desktop:10|padding_right_desktop:10&#8243;][vc_column_text]<\/p>\n<h6><strong>MR9600 to wysokowydajny dwuzakresowy router Wi-Fi 6 idealny dla u\u017cytkownik\u00f3w oczekuj\u0105cych prawdziwych gigabitowych pr\u0119dko\u015bci, wi\u0119kszego zasi\u0119gu i maksymalnej wydajno\u015bci do grania \u2013 w ca\u0142ym domu. Dzi\u0119ki technologii Velop Intelligent Mesh\u2122 i pr\u0119dko\u015bci 5,9 GB\/s jest 4x szybszy ni\u017c routery Wi-Fi 5, likwiduje martwe strefy i izoluje sie\u0107, aby wyeliminowa\u0107 zak\u0142\u00f3cenia.<\/strong><\/h6>\n<p>&nbsp;<\/p>\n<h6><strong>\u00a0<\/strong><\/h6>\n<h6><strong>\u00a0<\/strong><\/h6>\n<p>[\/vc_column_text]<div class=\"dfd-heading-shortcode\"><div class=\"dfd-heading-module-wrap  text-center style_01 dfd-heading-69ffc5a39fdef dfd-disable-resposive-headings\" id=\"dfd-heading-69ffc5a39fdef\" ><div class=\"inline-block\"><div class=\"dfd-heading-module\"><h5 class=\"widget-title dfd-title \" style=\"\"><\/p>\n<h3>Strumieniowanie HD i gry online dla ca\u0142ej rodziny<\/h3>\n<h3><strong>\u00a0<\/strong><\/h3>\n<p><\/h5><div class=\"dfd-heading-delimiter\"><\/div><\/div><\/div><\/div><script type=\"text\/javascript\">\r\n\t\t\t\t\t\t\t\t\t(function($) {\r\n\t\t\t\t\t\t\t\t\t\t$(\"head\").append(\"<style>.dfd-heading-69ffc5a39fdef.dfd-heading-module-wrap .dfd-heading-module .dfd-heading-delimiter {border-bottom-style:solid;border-bottom-width:1px;width:100px;border-bottom-color:#dddddd;}.dfd-heading-69ffc5a39fdef.dfd-heading-module-wrap .dfd-heading-module .dfd-heading-delimiter {margin-top:10px;margin-bottom:10px;}<\/style>\");\r\n\t\t\t\t\t\t\t\t\t})(jQuery);\r\n\t\t\t\t\t\t\t\t<\/script><\/div>[\/vc_column][\/vc_row][vc_row dfd_row_responsive_enable=&#8221;dfd-row-responsive-enable&#8221; css=&#8221;.vc_custom_1649686765692{padding-top: 0px !important;padding-right: 0px !important;padding-bottom: 0px !important;padding-left: 0px !important;}&#8221; responsive_styles=&#8221;margin_top_desktop:10|margin_bottom_desktop:10|margin_left_desktop:10|margin_right_desktop:10|border_top_desktop:10|border_bottom_desktop:10|border_left_desktop:10|border_right_desktop:10|padding_top_desktop:10|padding_bottom_desktop:10|padding_left_desktop:10|padding_right_desktop:10|margin_left_tablet:10|margin_right_tablet:10|border_top_tablet:10|border_bottom_tablet:10|border_left_tablet:10|border_right_tablet:10|padding_top_tablet:10|padding_bottom_tablet:10|padding_left_tablet:10|padding_right_tablet:10|margin_top_mobile:0|margin_bottom_mobile:0|margin_left_mobile:10|margin_right_mobile:10|border_top_mobile:10|border_bottom_mobile:10|border_left_mobile:10|border_right_mobile:10|padding_top_mobile:10|padding_bottom_mobile:10|padding_left_mobile:10|padding_right_mobile:10&#8243;][vc_column css=&#8221;.vc_custom_1648215032197{padding-top: 10px !important;}&#8221; col_shadow=&#8221;box_shadow_enable:disable|shadow_horizontal:0|shadow_vertical:15|shadow_blur:50|shadow_spread:0|box_shadow_color:rgba(0%2C0%2C0%2C.35)&#8221; col_shadow_hover=&#8221;box_shadow_enable:disable|shadow_horizontal:0|shadow_vertical:15|shadow_blur:50|shadow_spread:0|box_shadow_color:rgba(0%2C0%2C0%2C.35)&#8221;]<div class=\"dfd-spacer-module\"  data-units=\"px\" data-wide_resolution=\"1280\" data-wide_size=\"25\" data-normal_resolution=\"1024\" data-normal_size=\"10\" data-tablet_resolution=\"800\" data-tablet_size=\"10\" data-mobile_resolution=\"480\" data-mobile_size=\"10\" style=\"height: 25px;\"><\/div>[vc_column_text]Je\u017celi Twoje oczekiwania wzgl\u0119dem Wi-Fi wzrosn\u0105, po prostu dodaj jakikolwiek produkt Linksys dla Wi-Fi typu mesh, aby zwi\u0119kszy\u0107 zasi\u0119g sieci. Wszystkie wsp\u00f3\u0142pracuj\u0105 p\u0142ynnie z modelem MR9600, wi\u0119c nie ma potrzeby r\u0119cznego prze\u0142\u0105czania mi\u0119dzy sieciami. Dzi\u0119ki aplikacji Linksys router MR9600 jest tak \u0142atwy do skonfigurowania, \u017ce mo\u017cna przesy\u0142a\u0107 strumieniowo filmy w rozdzielczo\u015bci 8K w zaledwie kilka minut.[\/vc_column_text]<div class=\"dfd-spacer-module\"  data-units=\"px\" data-wide_resolution=\"1280\" data-wide_size=\"25\" data-normal_resolution=\"1024\" data-normal_size=\"10\" data-tablet_resolution=\"800\" data-tablet_size=\"10\" data-mobile_resolution=\"480\" data-mobile_size=\"10\" style=\"height: 25px;\"><\/div>[vc_row_inner dfd_row_responsive_enable=&#8221;dfd-row-responsive-enable&#8221; responsive_styles=&#8221;margin_right_desktop:0|border_top_desktop:10|border_bottom_desktop:10|padding_top_desktop:10|padding_bottom_desktop:10|padding_left_desktop:10|padding_right_desktop:10|border_top_tablet:10|border_bottom_tablet:10|border_right_tablet:1|padding_top_tablet:10|padding_bottom_tablet:10|padding_left_tablet:10|padding_right_tablet:10|border_top_mobile:10|border_bottom_mobile:10|border_left_mobile:10|border_right_mobile:10|padding_top_mobile:10|padding_bottom_mobile:10|padding_left_mobile:10|padding_right_mobile:10&#8243;][vc_column_inner width=&#8221;1\/2&#8243; dfd_column_responsive_enable=&#8221;dfd-column-responsive-enable&#8221; col_inner_shadow=&#8221;box_shadow_enable:disable|shadow_horizontal:0|shadow_vertical:15|shadow_blur:50|shadow_spread:0|box_shadow_color:rgba(0%2C0%2C0%2C.35)&#8221; col_inner_shadow_hover=&#8221;box_shadow_enable:disable|shadow_horizontal:0|shadow_vertical:15|shadow_blur:50|shadow_spread:0|box_shadow_color:rgba(0%2C0%2C0%2C.35)&#8221; responsive_styles=&#8221;margin_left_desktop:0|margin_right_desktop:0|border_left_desktop:10|border_right_desktop:10|padding_left_desktop:10|padding_right_desktop:10&#8243; css=&#8221;.vc_custom_1649937951922{padding-top: 10px !important;padding-right: 10px !important;padding-bottom: 10px !important;padding-left: 10px !important;}&#8221; offset=&#8221;vc_hidden-md vc_hidden-sm vc_hidden-xs&#8221;][vc_single_image image=&#8221;1713&#8243; img_size=&#8221;full&#8221;][\/vc_column_inner][vc_column_inner width=&#8221;1\/2&#8243;][vc_column_text css=&#8221;.vc_custom_1650444799477{padding-top: 10px !important;padding-right: 10px !important;padding-bottom: 10px !important;padding-left: 10px !important;}&#8221;]<\/p>\n<h2>W SKR\u00d3CIE:<\/h2>\n<ul>\n<li>Ultraszybkie Wi-Fi 6 dla pr\u0119dko\u015bci do 5951 MB\/s.<\/li>\n<li>100% wsteczna kompatybilno\u015b\u0107 ze wszystkimi istniej\u0105cymi urz\u0105dzeniami obs\u0142uguj\u0105cymi Wi-Fi.<\/li>\n<li>Wiele os\u00f3b w ca\u0142ym domu mo\u017ce jednocze\u015bnie korzysta\u0107 z transmisji strumieniowej i gra\u0107*. (Jedynym ograniczeniem jest wykupiona u dostawcy Internetu pr\u0119dko\u015b\u0107.)<\/li>\n<li>Dwuzakresowy router z technologi\u0105 Intelligent Mesh\u2122.<\/li>\n<li>Wykorzystaj MR9600 jako w\u0119ze\u0142 nadrz\u0119dny swojej sieci Wi-Fi typu mesh.<\/li>\n<li>Zwi\u0119ksz zasi\u0119g, po prostu dodaj\u0105c jeden (lub wi\u0119cej) produkt Linksys dla sieci Wi-Fi typu mesh.<\/li>\n<li>Kompatybilny z dowolnym modemem lub planem ISP.<\/li>\n<li>Dwuletnia ograniczona gwarancja na produkt.<\/li>\n<\/ul>\n<p>[\/vc_column_text][\/vc_column_inner][\/vc_row_inner]<div class=\"dfd-spacer-module\"  data-units=\"px\" data-wide_resolution=\"1280\" data-wide_size=\"25\" data-normal_resolution=\"1024\" data-normal_size=\"10\" data-tablet_resolution=\"800\" data-tablet_size=\"10\" data-mobile_resolution=\"480\" data-mobile_size=\"10\" style=\"height: 25px;\"><\/div>[\/vc_column][\/vc_row][vc_row dfd_row_responsive_enable=&#8221;dfd-row-responsive-enable&#8221; responsive_styles=&#8221;margin_top_desktop:10|margin_bottom_desktop:10|margin_left_desktop:10|margin_right_desktop:10|border_top_desktop:10|border_bottom_desktop:10|border_left_desktop:10|border_right_desktop:10|padding_top_desktop:10|padding_bottom_desktop:10|padding_left_desktop:10|padding_right_desktop:10|border_top_tablet:10|border_bottom_tablet:10|border_left_tablet:10|border_right_tablet:10|padding_top_tablet:10|padding_bottom_tablet:10|padding_left_tablet:10|padding_right_tablet:10|border_top_mobile:10|border_bottom_mobile:10|border_left_mobile:10|border_right_mobile:10|padding_top_mobile:10|padding_bottom_mobile:10|padding_left_mobile:10|padding_right_mobile:10&#8243;][vc_column column_responsive_mobile_resolutions=&#8221;dfd-apply-laptop,dfd-apply-tablet,dfd-apply-mobile&#8221; dfd_column_responsive_enable=&#8221;dfd-column-responsive-enable&#8221; css=&#8221;.vc_custom_1648215020292{padding-top: 10px !important;}&#8221; col_shadow=&#8221;box_shadow_enable:disable|shadow_horizontal:0|shadow_vertical:15|shadow_blur:50|shadow_spread:0|box_shadow_color:rgba(0%2C0%2C0%2C.35)&#8221; col_shadow_hover=&#8221;box_shadow_enable:disable|shadow_horizontal:0|shadow_vertical:15|shadow_blur:50|shadow_spread:0|box_shadow_color:rgba(0%2C0%2C0%2C.35)&#8221; responsive_styles=&#8221;padding_top_desktop:10&#8243;]<div class=\"dfd-spacer-module\"  data-units=\"px\" data-wide_resolution=\"1280\" data-wide_size=\"25\" data-normal_resolution=\"1024\" data-normal_size=\"10\" data-tablet_resolution=\"800\" data-tablet_size=\"10\" data-mobile_resolution=\"480\" data-mobile_size=\"10\" style=\"height: 25px;\"><\/div>[vc_column_text]<\/p>\n<h4>NAJWA\u017bNIEJSZE CECHY<\/h4>\n<p><strong>4x pr\u0119dko\u015b\u0107 AC (Wi-Fi 5)**<\/strong><\/p>\n<p>Router MR9600 wykorzystuje najnowszy standard Wi-Fi 6 (802.11ax), aby zapewni\u0107 prawdziwie gigabitow\u0105 pr\u0119dko\u015b\u0107 w ca\u0142ym domu \u2013 do 5,9 GB\/s z \u0142\u0105czno\u015bci\u0105 8 strumieni. (** W por\u00f3wnaniu z urz\u0105dzeniami klienckimi pod\u0142\u0105czonymi do routera AC 2&#215;2, kt\u00f3ry nie obs\u0142uguje pasma 160 MHz.)<\/p>\n<p><strong>Minimalizuje przeci\u0105\u017cenie sieci Wi-Fi<\/strong><\/p>\n<p>Eliminuje zak\u0142\u00f3cenia z s\u0105siednich sieci dzi\u0119ki technologii Wi-Fi 6, kt\u00f3ra umo\u017cliwia odizolowanie sieci i zapewnia mo\u017cliwie najczystszy sygna\u0142.<\/p>\n<p><strong>Wi\u0119ksza wydajno\u015b\u0107 dla wi\u0119kszej liczby urz\u0105dze\u0144<\/strong><\/p>\n<p>Wi-Fi 6 wysy\u0142a i odbiera wiele strumieni danych jednocze\u015bnie, zapewniaj\u0105c do 4 razy wi\u0119ksz\u0105 wydajno\u015b\u0107 Wi-Fi.<\/p>\n<p><strong>Zasi\u0119g wi\u0119kszy ni\u017c Wi-Fi 5<\/strong><\/p>\n<p>Inteligentna technologia Velop Mesh\u2122 w po\u0142\u0105czeniu ze standardem Wi-Fi 6 zapewnia gigabitow\u0105 przepustowo\u015b\u0107 Wi-Fi w ca\u0142ym domu.<\/p>\n<p><strong>Inteligentniejsze zabezpieczenia<\/strong><\/p>\n<p>Dzi\u0119ki automatycznym aktualizacjom oprogramowania sprz\u0119towego, kontroli rodzicielskiej i osobnemu dost\u0119powi dla go\u015bci Twoja sie\u0107 pozostaje zawsze bezpieczna, a system \u2013 aktualny.[\/vc_column_text]<div class=\"dfd-spacer-module\"  data-units=\"px\" data-wide_resolution=\"1280\" data-wide_size=\"25\" data-normal_resolution=\"1024\" data-normal_size=\"10\" data-tablet_resolution=\"800\" data-tablet_size=\"10\" data-mobile_resolution=\"480\" data-mobile_size=\"10\" style=\"height: 25px;\"><\/div>[vc_column_text]&nbsp;<\/p>\n<h4>\u0141ATWA KONFIGURACJA ZA POMOC\u0104 APLIKACJI<\/h4>\n<p>Konfiguracja dwuzakresowego routera AX6000 mesh Wi-Fi 6 (MR9600) jest \u0142atwa. Pobierz aplikacj\u0119 Linksys na dowolnym smartfonie z systemami iOS lub Android. Aplikacja automatycznie identyfikuje urz\u0105dzenie, kt\u00f3re ma zosta\u0107 skonfigurowane, i udost\u0119pnia animowany przewodnik po konfiguracji, kt\u00f3ry zapewni Ci dost\u0119p do sieci w ci\u0105gu kilku minut. Dzi\u0119ki aplikacji Linksys zawsze mo\u017cesz monitorowa\u0107 domow\u0105 sie\u0107 Wi-Fi i zarz\u0105dza\u0107 ni\u0105 z dowolnego miejsca, u\u017cywaj\u0105c do tego smartfona lub tabletu.[\/vc_column_text]<div class=\"dfd-spacer-module\"  data-units=\"px\" data-wide_resolution=\"1280\" data-wide_size=\"25\" data-normal_resolution=\"1024\" data-normal_size=\"10\" data-tablet_resolution=\"800\" data-tablet_size=\"10\" data-mobile_resolution=\"480\" data-mobile_size=\"10\" style=\"height: 25px;\"><\/div>[vc_single_image image=&#8221;1700&#8243; img_size=&#8221;full&#8221; alignment=&#8221;center&#8221;]<div class=\"dfd-spacer-module\"  data-units=\"px\" data-wide_resolution=\"1280\" data-wide_size=\"25\" data-normal_resolution=\"1024\" data-normal_size=\"10\" data-tablet_resolution=\"800\" data-tablet_size=\"10\" data-mobile_resolution=\"480\" data-mobile_size=\"10\" style=\"height: 25px;\"><\/div>[vc_column_text]<\/p>\n<h4>ZASI\u0118G WI-FI W KA\u017bDYM MIEJSCU W TWOIM DOMU<\/h4>\n<p>Dzi\u0119ki wbudowanej funkcji Wi-Fi Velop Intelligent Mesh\u2122 router w pe\u0142ni dostosuje si\u0119 do potrzeb wzgl\u0119dem Wi-Fi w Twoim domu. Je\u017celi Twoje oczekiwania wzgl\u0119dem Wi-Fi wzrosn\u0105, po prostu dodaj jakikolwiek produkt Linksys Mesh Wi-Fi, aby zwi\u0119kszy\u0107 zasi\u0119g sieci. Wszystkie wsp\u00f3\u0142pracuj\u0105 p\u0142ynnie z modelem MR9600, wi\u0119c nie ma potrzeby r\u0119cznego prze\u0142\u0105czania mi\u0119dzy sieciami.[\/vc_column_text]<div class=\"dfd-spacer-module\"  data-units=\"px\" data-wide_resolution=\"1280\" data-wide_size=\"25\" data-normal_resolution=\"1024\" data-normal_size=\"10\" data-tablet_resolution=\"800\" data-tablet_size=\"10\" data-mobile_resolution=\"480\" data-mobile_size=\"10\" style=\"height: 25px;\"><\/div>[vc_video align=&#8221;center&#8221; css=&#8221;.vc_custom_1650445271500{border-top-width: 10px !important;border-right-width: 10px !important;border-bottom-width: 10px !important;border-left-width: 10px !important;padding-top: 10px !important;padding-right: 10px !important;padding-bottom: 10px !important;padding-left: 10px !important;}&#8221; link=&#8221;https:\/\/www.youtube.com\/watch?v=X6QhRpGJiDs&#8221;][\/vc_column][vc_column]<div class=\"dfd-spacer-module\"  data-units=\"px\" data-wide_resolution=\"1280\" data-wide_size=\"25\" data-normal_resolution=\"1024\" data-normal_size=\"10\" data-tablet_resolution=\"800\" data-tablet_size=\"10\" data-mobile_resolution=\"480\" data-mobile_size=\"10\" style=\"height: 25px;\"><\/div>[vc_column_text]<\/p>\n<h4>KONTROLUJ SWOJE WI-FI W CZASIE RZECZYWISTYM, GDZIEKOLWIEK JESTE\u015a<\/h4>\n<p>Aplikacja Linksys stanowi centrum dowodzenia dla Twojej sieci Wi-Fi. Sprawdzaj stan pod\u0142\u0105czonych urz\u0105dze\u0144, konfiguruj uprawnienia go\u015bci oraz ograniczaj dzieciom dost\u0119p do sieci.<\/p>\n<p><strong>Aplikacja Linksys w skr\u00f3cie:<\/strong><\/p>\n<p>\u2022 Sprawdzaj, jakie urz\u0105dzenia s\u0105 pod\u0142\u0105czone, i \u0142atwo ograniczaj korzystanie z Internetu za pomoc\u0105 funkcji kontroli rodzicielskiej.<br \/>\n\u2022 Przypisuj hierarchi\u0119 przepustowo\u015bci za pomoc\u0105 priorytetu urz\u0105dze\u0144.<br \/>\n\u2022 Zapewniaj bezpiecze\u0144stwo Wi-Fi dzi\u0119ki automatycznej aktualizacji oprogramowania sprz\u0119towego.<br \/>\n\u2022 Udzielaj go\u015bciom dost\u0119pu i przesy\u0142aj im has\u0142o za po\u015brednictwem wiadomo\u015bci tekstowych.[\/vc_column_text]<div class=\"dfd-spacer-module\"  data-units=\"px\" data-wide_resolution=\"1280\" data-wide_size=\"25\" data-normal_resolution=\"1024\" data-normal_size=\"10\" data-tablet_resolution=\"800\" data-tablet_size=\"10\" data-mobile_resolution=\"480\" data-mobile_size=\"10\" style=\"height: 25px;\"><\/div>[vc_media_grid element_width=&#8221;3&#8243; grid_id=&#8221;vc_gid:1650445200883-2137607205232bc688e55ce5cc64ea98-5&#8243; include=&#8221;1478,1479,1480,1481&#8243; css=&#8221;.vc_custom_1649939486710{padding-top: 10px !important;padding-right: 10px !important;padding-bottom: 10px !important;padding-left: 10px !important;}&#8221;]<div class=\"dfd-spacer-module\"  data-units=\"px\" data-wide_resolution=\"1280\" data-wide_size=\"25\" data-normal_resolution=\"1024\" data-normal_size=\"10\" data-tablet_resolution=\"800\" data-tablet_size=\"10\" data-mobile_resolution=\"480\" data-mobile_size=\"10\" style=\"height: 25px;\"><\/div>[\/vc_column][vc_column]<div class=\"dfd-spacer-module\"  data-units=\"px\" data-wide_resolution=\"1280\" data-wide_size=\"25\" data-normal_resolution=\"1024\" data-normal_size=\"10\" data-tablet_resolution=\"800\" data-tablet_size=\"10\" data-mobile_resolution=\"480\" data-mobile_size=\"10\" style=\"height: 25px;\"><\/div>[\/vc_column][\/vc_row][vc_row][vc_column]<div class=\"dfd-heading-shortcode\"><div class=\"dfd-heading-module-wrap  text-center style_01 dfd-heading-69ffc5a39ffeb dfd-disable-resposive-headings\" id=\"dfd-heading-69ffc5a39ffeb\" ><div class=\"inline-block\"><div class=\"dfd-heading-module\"><h5 class=\"widget-title dfd-title \" style=\"\"><\/p>\n<h2>Dane techniczne<\/h2>\n<p><\/h5><div class=\"dfd-heading-delimiter\"><\/div><\/div><\/div><\/div><script type=\"text\/javascript\">\r\n\t\t\t\t\t\t\t\t\t(function($) {\r\n\t\t\t\t\t\t\t\t\t\t$(\"head\").append(\"<style>.dfd-heading-69ffc5a39ffeb.dfd-heading-module-wrap .dfd-heading-module .dfd-heading-delimiter {border-bottom-style:solid;border-bottom-width:1px;width:100px;border-bottom-color:#dddddd;}.dfd-heading-69ffc5a39ffeb.dfd-heading-module-wrap .dfd-heading-module .dfd-heading-delimiter {margin-top:10px;margin-bottom:10px;}<\/style>\");\r\n\t\t\t\t\t\t\t\t\t})(jQuery);\r\n\t\t\t\t\t\t\t\t<\/script><\/div>[vc_column_text][\/vc_column_text][\/vc_column][\/vc_row][vc_row dfd_row_responsive_enable=&#8221;dfd-row-responsive-enable&#8221; responsive_styles=&#8221;margin_top_desktop:10|margin_bottom_desktop:10|margin_left_desktop:10|margin_right_desktop:10|border_top_desktop:10|border_bottom_desktop:10|border_left_desktop:10|border_right_desktop:10|padding_top_desktop:10|padding_bottom_desktop:10|padding_left_desktop:10|padding_right_desktop:10|margin_top_tablet:10|margin_bottom_tablet:10|margin_left_tablet:10|margin_right_tablet:10|border_top_tablet:10|border_bottom_tablet:10|border_left_tablet:10|border_right_tablet:10|padding_top_tablet:10|padding_bottom_tablet:10|padding_left_tablet:10|padding_right_tablet:10|margin_top_mobile:10|margin_bottom_mobile:10|margin_left_mobile:10|margin_right_mobile:10|border_top_mobile:10|border_bottom_mobile:10|border_left_mobile:10|border_right_mobile:10|padding_top_mobile:10|padding_bottom_mobile:10|padding_left_mobile:10|padding_right_mobile:10&#8243;][vc_column][vc_column_text]<strong>Zawarto\u015b\u0107 opakowania: <\/strong><\/p>\n<ul>\n<li>Dwuzakresowy router mesh Wi-Fi 6, model AX6000<\/li>\n<li>4 dwuzakresowe zewn\u0119trzne anteny sta\u0142e ze wzmacniaczami du\u017cej mocy<\/li>\n<li>Zasilacz, kabel Ethernet<\/li>\n<li>Przewodnik \u201eSzybki start\u201d<\/li>\n<li>Drukowana dokumentacja<\/li>\n<\/ul>\n<hr \/>\n<p><strong>Elementy wymagane do przeprowadzenia konfiguracji:<\/strong><\/p>\n<p>Prosta i bezpieczna konfiguracja za pomoc\u0105 aplikacji.<\/p>\n<ol>\n<li>Po\u0142\u0105czenie internetowe za pomoc\u0105 modemu lub modemu z funkcj\u0105 routera.<\/li>\n<li>Dzia\u0142a z urz\u0105dzeniami z systemami iOS 9 lub Android\u2122 4.4 z transmisj\u0105 danych.<\/li>\n<\/ol>\n<hr \/>\n<p><strong>Bluetooth\u00ae: <\/strong><\/p>\n<p>4.1\/LE dla bezpiecznej i \u0142atwej konfiguracji za pomoc\u0105 aplikacji.<\/p>\n<hr \/>\n<p><strong>Procesor:<\/strong><\/p>\n<p>1,8 GHz czterordzeniowy.<\/p>\n<hr \/>\n<p><strong>Przewodowa \u0142\u0105czno\u015b\u0107 dla WAN i LAN: <\/strong><\/p>\n<ul>\n<li>5 gniazd Gigabit Ethernet<\/li>\n<li>1x WAN, 4x LAN,z<\/li>\n<li>2x port USB 3.0<\/li>\n<\/ul>\n<hr \/>\n<p><strong>Wska\u017aniki LED:<\/strong><\/p>\n<p>Status zasilania i systemu, status WPS, status 2x USB, Ethernet (1\u20114), Internet.<\/p>\n<hr \/>\n<p><strong>Zabezpieczenia:<\/strong><\/p>\n<p>Szyfrowanie osobiste WPA2, szyfrowanie osobiste WPA3, szyfrowanie osobiste\/ mieszane WPA3\/WPA2. Maksymalnie 128-bitowe szyfrowanie.<\/p>\n<hr \/>\n<p><strong>Specyfikacja Wi-Fi:<\/strong><\/p>\n<p>Wi-Fi 6, AX6000* z 8-strumieniowym Wi-Fi i 256\u2011QAM.<\/p>\n<p>2&#215;2 MU-MIMO:<\/p>\n<ul>\n<li>Pasmo 2,4 GHz 1147 MB\/s*<\/li>\n<li>Pasmo 5 GHz 1 4804 MB\/s*<\/li>\n<\/ul>\n<p>Technologia \u0142atwego routingu.<\/p>\n<p>Technologia Advanced Beamforming+ (zaawansowanego formowania wi\u0105zki)<\/p>\n<p>Sterowanie pasmem za pomoc\u0105 aplikacji Smart Connect<\/p>\n<p>IEEE 802.11a\/b\/g\/n\/ac\/ax, 802.3ab\/u.<\/p>\n<hr \/>\n<p><strong>Cz\u0119stotliwo\u015bci robocze: <\/strong><\/p>\n<p>2,4 GHz: 2412-2472 MHz<\/p>\n<p>5 GHz: 5180-5240 MHz, 5260\u20115320 MHz, 5500-5700 MHz<\/p>\n<p>Bluetooth: 2402-2480 MHz<\/p>\n<hr \/>\n<p><strong>Typ anteny Wi-Fi:<\/strong><\/p>\n<p>Dipol<\/p>\n<hr \/>\n<p><strong>Typ anteny Bluetooth:<\/strong><\/p>\n<p>PCB<\/p>\n<hr \/>\n<p><strong>Zysk energetyczny anteny Wi-Fi:<\/strong><\/p>\n<ul>\n<li>2,4 GHz 2,88 dBi<\/li>\n<li>Formowanie wi\u0105zki 5,26 dBi<\/li>\n<li>5 GHz 2,28 dBi<\/li>\n<li>Formowanie wi\u0105zki 4,78 dBi<\/li>\n<\/ul>\n<hr \/>\n<p><strong>Moc wyj\u015bciowa Wi-Fi (EIRP):<\/strong><\/p>\n<p><strong>2,4 GHz<\/strong><\/p>\n<ul>\n<li>2412-2472 MHz 19,98 dBm<\/li>\n<li>Formowanie wi\u0105zki 19,88 dBm<\/li>\n<\/ul>\n<p><strong>5 Ghz<\/strong><\/p>\n<ul>\n<li>5180-5240 MHz 22,93 dBm<\/li>\n<li>Formowanie wi\u0105zki 22,91 dBm<\/li>\n<li>5260-5320 MHz 22,96 dBm<\/li>\n<li>Formowanie wi\u0105zki 22,97 dBm<\/li>\n<li>5500-5700 MHz 29,88 dBm<\/li>\n<li>Formowanie wi\u0105zki 29,98 dBm<\/li>\n<\/ul>\n<hr \/>\n<p><strong>Bluetooth: <\/strong><\/p>\n<p>Zysk anteny: 3,57 dBi<\/p>\n<p>EIRP 9,17: dBm<\/p>\n<hr \/>\n<p><strong>Zasilacz:<\/strong><\/p>\n<p>Wej\u015bcie: 100-240 V AC, 50\/60 Hz, 0,6 A<\/p>\n<p>Wyj\u015bcie: 12 V DC, 4,0 A<\/p>\n<hr \/>\n<p><strong>Temperatura:<\/strong><\/p>\n<p><strong>Robocza:<\/strong><br \/>\nod 0 do 40\u00b0C<\/p>\n<p><strong>Przechowywania:<\/strong><br \/>\nod -20 do 60\u00b0C<\/p>\n<hr \/>\n<p><strong>Zakres wilgotno\u015bci:<\/strong><br \/>\nod 10 do 80% RH (bez kondensacji)<\/p>\n<p><strong>Wilgotno\u015b\u0107 przechowywania:<\/strong><br \/>\nod 5 do 90% RH (bez kondensacji)<\/p>\n<hr \/>\n<p><strong>Wymiary:<\/strong><\/p>\n<p><strong>Produkt<\/strong><\/p>\n<ul>\n<li>Waga 0,95 kg<\/li>\n<li>G\u0142\u0119boko\u015b\u0107 16,9 cm<\/li>\n<li>Szeroko\u015b\u0107 29,4 cm<\/li>\n<li>Wysoko\u015b\u0107 6,05 cm<\/li>\n<\/ul>\n<p><strong>Jednostka w opakowaniu detalicznym<\/strong><\/p>\n<ul>\n<li>Waga 1,75 kg<\/li>\n<li>G\u0142\u0119boko\u015b\u0107 11,3 cm<\/li>\n<li>Szeroko\u015b\u0107 32 cm<\/li>\n<li>Wysoko\u015b\u0107 23 cm<\/li>\n<\/ul>\n<p><strong>Wymiary opakowania zbiorczego<\/strong><\/p>\n<ul>\n<li>Ilo\u015b\u0107 (*PL) 4 na opakowanie<\/li>\n<li>Waga (*PL) 7,82 kg<\/li>\n<li>G\u0142\u0119boko\u015b\u0107 (*PL) 34,5 cm<\/li>\n<li>Szeroko\u015b\u0107 (*PL) 46,7 cm<\/li>\n<li>Wysoko\u015b\u0107 (*PL) 26,7 cm<\/li>\n<\/ul>\n<p>[\/vc_column_text][\/vc_column][\/vc_row][vc_row][vc_column][vc_column_text]<\/p>\n[\/vc_column_text][\/vc_column][\/vc_row]<\/p>\n","protected":false},"excerpt":{"rendered":"<p>[vc_row][vc_column][vc_column_text][\/vc_column_text][\/vc_column][\/vc_row][vc_row][vc_column][vc_column_text][\/vc_column_text][\/vc_column][\/vc_row]<\/p>\n","protected":false},"author":5,"featured_media":0,"parent":0,"menu_order":0,"comment_status":"closed","ping_status":"closed","template":"","meta":[],"_links":{"self":[{"href":"https:\/\/linksys.pl\/index.php?rest_route=\/wp\/v2\/pages\/1687"}],"collection":[{"href":"https:\/\/linksys.pl\/index.php?rest_route=\/wp\/v2\/pages"}],"about":[{"href":"https:\/\/linksys.pl\/index.php?rest_route=\/wp\/v2\/types\/page"}],"author":[{"embeddable":true,"href":"https:\/\/linksys.pl\/index.php?rest_route=\/wp\/v2\/users\/5"}],"replies":[{"embeddable":true,"href":"https:\/\/linksys.pl\/index.php?rest_route=%2Fwp%2Fv2%2Fcomments&post=1687"}],"version-history":[{"count":9,"href":"https:\/\/linksys.pl\/index.php?rest_route=\/wp\/v2\/pages\/1687\/revisions"}],"predecessor-version":[{"id":1718,"href":"https:\/\/linksys.pl\/index.php?rest_route=\/wp\/v2\/pages\/1687\/revisions\/1718"}],"wp:attachment":[{"href":"https:\/\/linksys.pl\/index.php?rest_route=%2Fwp%2Fv2%2Fmedia&parent=1687"}],"curies":[{"name":"wp","href":"https:\/\/api.w.org\/{rel}","templated":true}]}}