{"id":1388,"date":"2022-04-07T13:37:07","date_gmt":"2022-04-07T11:37:07","guid":{"rendered":"https:\/\/linksys.pl\/?page_id=1388"},"modified":"2022-04-08T09:23:20","modified_gmt":"2022-04-08T07:23:20","slug":"dwupasmowy-wzmacniacz-zasiegu-wi-fi-re6500-ej","status":"publish","type":"page","link":"https:\/\/linksys.pl\/?page_id=1388","title":{"rendered":"Dwupasmowy wzmacniacz zasi\u0119gu Wi-Fi (RE6500-EJ)"},"content":{"rendered":"<p>[vc_row][vc_column][vc_gallery interval=&#8221;10&#8243; images=&#8221;1395,1396,1397&#8243; img_size=&#8221;900&#215;900&#8243; css=&#8221;.vc_custom_1649332282628{padding-top: 10px !important;}&#8221;]<div class=\"dfd-heading-shortcode\"><div class=\"dfd-heading-module-wrap  text-center style_01 dfd-heading-69ffc5a3218b2 dfd-disable-resposive-headings\" id=\"dfd-heading-69ffc5a3218b2\" ><div class=\"inline-block\"><div class=\"dfd-heading-module\"><h5 class=\"widget-title dfd-title \" style=\"\"><\/p>\n<h1>Dwupasmowy wzmacniacz zasi\u0119gu Wi-Fi (RE6500-EJ)<\/h1>\n<p><\/h5><div class=\"dfd-heading-delimiter\"><\/div><\/div><\/div><\/div><script type=\"text\/javascript\">\r\n\t\t\t\t\t\t\t\t\t(function($) {\r\n\t\t\t\t\t\t\t\t\t\t$(\"head\").append(\"<style>.dfd-heading-69ffc5a3218b2.dfd-heading-module-wrap .dfd-heading-module .dfd-heading-delimiter {border-bottom-style:solid;border-bottom-width:1px;width:100px;border-bottom-color:#dddddd;}.dfd-heading-69ffc5a3218b2.dfd-heading-module-wrap .dfd-heading-module .dfd-heading-delimiter {margin-top:10px;margin-bottom:10px;}<\/style>\");\r\n\t\t\t\t\t\t\t\t\t})(jQuery);\r\n\t\t\t\t\t\t\t\t<\/script><\/div>[\/vc_column][\/vc_row][vc_row dfd_row_responsive_enable=&#8221;dfd-row-responsive-enable&#8221; responsive_styles=&#8221;margin_right_desktop:10|border_left_desktop:10|border_right_desktop:10|padding_top_desktop:10|padding_left_desktop:10|padding_right_desktop:10|margin_top_tablet:0|margin_bottom_tablet:0|margin_left_tablet:0|margin_right_tablet:0|border_top_tablet:10|border_bottom_tablet:10|border_left_tablet:10|border_right_tablet:10|padding_top_tablet:10|padding_bottom_tablet:10|padding_left_tablet:10|padding_right_tablet:10|margin_left_mobile:0|margin_right_mobile:0|border_top_mobile:10|border_bottom_mobile:10|border_left_mobile:10|border_right_mobile:10|padding_top_mobile:10|padding_bottom_mobile:10|padding_left_mobile:10|padding_right_mobile:10&#8243;][vc_column dfd_column_responsive_enable=&#8221;dfd-column-responsive-enable&#8221; css=&#8221;.vc_custom_1648216253754{padding-top: 10px !important;}&#8221; col_shadow=&#8221;box_shadow_enable:disable|shadow_horizontal:0|shadow_vertical:15|shadow_blur:50|shadow_spread:0|box_shadow_color:rgba(0%2C0%2C0%2C.35)&#8221; col_shadow_hover=&#8221;box_shadow_enable:disable|shadow_horizontal:0|shadow_vertical:15|shadow_blur:50|shadow_spread:0|box_shadow_color:rgba(0%2C0%2C0%2C.35)&#8221; responsive_styles=&#8221;margin_left_desktop:10|margin_right_desktop:10|border_left_desktop:10|border_right_desktop:10|padding_left_desktop:10|padding_right_desktop:10&#8243;][vc_column_text]<\/p>\n<h6><strong>Zwi\u0119ksz zasi\u0119g sygna\u0142u Wireless-AC i wyeliminuj martwe punkty dzi\u0119ki przed\u0142u\u017caczowi Linksys AC1200 MAX Wi-Fi Range Extender (RE6500). Dzi\u0119ki zasi\u0119gowi do 10 000 st\u00f3p kwadratowych bezprzewodowe po\u0142\u0105czenie z Internetem mo\u017ce dotrze\u0107 nawet do najdalszych zak\u0105tk\u00f3w domu. Technologia Wireless-AC i dwa pasma pozwalaj\u0105 na przesy\u0142anie film\u00f3w i gier w jako\u015bci HD bez zak\u0142\u00f3ce\u0144. Cztery porty Gigabit Ethernet umo\u017cliwiaj\u0105 po\u0142\u0105czenia przewodowe, a gniazdo audio pozwala na pod\u0142\u0105czenie g\u0142o\u015bnik\u00f3w do strumieniowego przesy\u0142ania muzyki. Konfiguracja jest prosta i nie wymaga p\u0142yty instalacyjnej.<\/strong><\/h6>\n<h6><strong>\u00a0<\/strong><\/h6>\n<p>[\/vc_column_text][\/vc_column][\/vc_row][vc_row dfd_row_responsive_enable=&#8221;dfd-row-responsive-enable&#8221; css=&#8221;.vc_custom_1649333851288{padding-top: 10px !important;}&#8221; responsive_styles=&#8221;margin_right_desktop:1|padding_top_desktop:10|padding_bottom_desktop:10|padding_left_desktop:10|padding_right_desktop:10|border_top_tablet:10|border_bottom_tablet:10|border_left_tablet:10|border_right_tablet:10|padding_top_tablet:10|padding_bottom_tablet:10|padding_left_tablet:10|padding_right_tablet:10|margin_top_mobile:0|margin_bottom_mobile:0|margin_left_mobile:0|margin_right_mobile:0|border_top_mobile:10|border_bottom_mobile:10|border_left_mobile:10|border_right_mobile:10|padding_top_mobile:10|padding_bottom_mobile:10|padding_left_mobile:10|padding_right_mobile:10&#8243;][vc_column css=&#8221;.vc_custom_1648215032197{padding-top: 10px !important;}&#8221; col_shadow=&#8221;box_shadow_enable:disable|shadow_horizontal:0|shadow_vertical:15|shadow_blur:50|shadow_spread:0|box_shadow_color:rgba(0%2C0%2C0%2C.35)&#8221; col_shadow_hover=&#8221;box_shadow_enable:disable|shadow_horizontal:0|shadow_vertical:15|shadow_blur:50|shadow_spread:0|box_shadow_color:rgba(0%2C0%2C0%2C.35)&#8221;][vc_column_text]<\/p>\n<h4>UNIWERSALNA KOMPATYBILNO\u015a\u0106 Z ROUTERAMI<\/h4>\n<p>RE6500 jest wyposa\u017cony w technologi\u0119 wireless-AC zapewniaj\u0105c\u0105 optymaln\u0105 przepustowo\u015b\u0107 i jest kompatybilny z praktycznie ka\u017cdym routerem lub bram\u0105 Wi-Fi. Wystarczy pod\u0142\u0105czy\u0107 go do istniej\u0105cej sieci bezprzewodowej, aby korzysta\u0107 z dost\u0119pu do Internetu we wszystkich urz\u0105dzeniach z dowolnego miejsca w domu.[\/vc_column_text]<div class=\"dfd-spacer-module\"  data-units=\"px\" data-wide_resolution=\"1280\" data-wide_size=\"25\" data-normal_resolution=\"1024\" data-normal_size=\"10\" data-tablet_resolution=\"800\" data-tablet_size=\"10\" data-mobile_resolution=\"480\" data-mobile_size=\"10\" style=\"height: 25px;\"><\/div>[vc_column_text]<\/p>\n<h4>WYELIMINUJ MARTWE PUNKTY I ZWI\u0118KSZ ZASI\u0118G SIECI WI-FI<\/h4>\n<p>Dzi\u0119ki przed\u0142u\u017caczowi zasi\u0119gu sieci Wi-Fi Linksys AC1200 MAX (RE6500) mo\u017cna \u0142atwo zwi\u0119kszy\u0107 zasi\u0119g istniej\u0105cego routera bezprzewodowego. Wystarczy umie\u015bci\u0107 RE6500 w miejscu, w kt\u00f3rym potrzebna jest \u0142\u0105czno\u015b\u0107 lub w kt\u00f3rym wyst\u0119puje s\u0142aby sygna\u0142, np. w sypialni na pi\u0119trze, w biurze lub w innym odleg\u0142ym miejscu w domu, np. na tarasie. RE6500 powt\u00f3rzy sygna\u0142 z routera i rozproszy go, aby ograniczy\u0107 martwe punkty sieci bezprzewodowej.[\/vc_column_text][vc_single_image image=&#8221;1400&#8243; img_size=&#8221;full&#8221; alignment=&#8221;center&#8221;]<div class=\"dfd-spacer-module\"  data-units=\"px\" data-wide_resolution=\"1280\" data-wide_size=\"25\" data-normal_resolution=\"1024\" data-normal_size=\"10\" data-tablet_resolution=\"800\" data-tablet_size=\"10\" data-mobile_resolution=\"480\" data-mobile_size=\"10\" style=\"height: 25px;\"><\/div>[\/vc_column][\/vc_row][vc_row dfd_row_responsive_enable=&#8221;dfd-row-responsive-enable&#8221; responsive_styles=&#8221;margin_top_desktop:10|margin_bottom_desktop:10|margin_left_desktop:10|margin_right_desktop:10|border_top_desktop:10|border_bottom_desktop:10|border_left_desktop:10|border_right_desktop:10|padding_top_desktop:10|padding_bottom_desktop:10|padding_left_desktop:10|padding_right_desktop:10|border_top_tablet:10|border_bottom_tablet:10|border_left_tablet:10|border_right_tablet:10|padding_top_tablet:10|padding_bottom_tablet:10|padding_left_tablet:10|padding_right_tablet:10|border_top_mobile:10|border_bottom_mobile:10|border_left_mobile:10|border_right_mobile:10|padding_top_mobile:10|padding_bottom_mobile:10|padding_left_mobile:10|padding_right_mobile:10&#8243;][vc_column column_responsive_mobile_resolutions=&#8221;dfd-apply-laptop,dfd-apply-tablet,dfd-apply-mobile&#8221; dfd_column_responsive_enable=&#8221;dfd-column-responsive-enable&#8221; css=&#8221;.vc_custom_1648215020292{padding-top: 10px !important;}&#8221; col_shadow=&#8221;box_shadow_enable:disable|shadow_horizontal:0|shadow_vertical:15|shadow_blur:50|shadow_spread:0|box_shadow_color:rgba(0%2C0%2C0%2C.35)&#8221; col_shadow_hover=&#8221;box_shadow_enable:disable|shadow_horizontal:0|shadow_vertical:15|shadow_blur:50|shadow_spread:0|box_shadow_color:rgba(0%2C0%2C0%2C.35)&#8221; responsive_styles=&#8221;padding_top_desktop:10&#8243;][vc_column_text]<\/p>\n<h4>NOWA GENERACJA TECHNOLOGII WIRELESS-AC ZAPEWNIA MAKSYMALN\u0104 WYDAJNO\u015a\u0106<\/h4>\n<p>Dzi\u0119ki technologii Wireless-AC (802.11ac) RE6500 zapewnia nawet trzykrotnie wi\u0119ksz\u0105 szybko\u015b\u0107 ni\u017c extendery sieci bezprzewodowej N, dzi\u0119ki czemu doskonale nadaje si\u0119 do du\u017cych dom\u00f3w z wieloma urz\u0105dzeniami i intensywnie korzystaj\u0105cych z multimedi\u00f3w internetowych.\u00a0 Podw\u00f3jne pasmo bezprzewodowe 2,4 GHz i 5 GHz zapewnia pr\u0119dko\u015b\u0107 przesy\u0142u danych do N300 Mb\/s + AC867 Mb\/s, umo\u017cliwiaj\u0105c p\u0142ynne przesy\u0142anie strumieniowe HD bez zak\u0142\u00f3ce\u0144.[\/vc_column_text]<div class=\"dfd-spacer-module\"  data-units=\"px\" data-wide_resolution=\"1280\" data-wide_size=\"25\" data-normal_resolution=\"1024\" data-normal_size=\"10\" data-tablet_resolution=\"800\" data-tablet_size=\"10\" data-mobile_resolution=\"480\" data-mobile_size=\"10\" style=\"height: 25px;\"><\/div>[vc_column_text]<\/p>\n<h4>DWUPASMOWA \u0141\u0104CZNO\u015a\u0106 WI-FI<\/h4>\n<p>Router RE6500 obs\u0142uguje jednocze\u015bnie dwa pasma Wi-Fi, co oznacza, \u017ce nadaje jednocze\u015bnie na cz\u0119stotliwo\u015bciach 2,4 GHz i 5 GHz. Pozwala to rozszerzy\u0107 zasi\u0119g sieci Wi-Fi 2,4 GHz i 5 GHz do pr\u0119dko\u015bci N300 Mb\/s + AC867 Mb\/s i ograniczy\u0107 zak\u0142\u00f3cenia.\u00a0 Niezale\u017cnie od tego, z kt\u00f3rego pasma korzystaj\u0105 urz\u0105dzenia bezprzewodowe, automatycznie \u0142\u0105cz\u0105 si\u0119 one z najlepszym dost\u0119pnym pasmem, zapewniaj\u0105c najszybsz\u0105 mo\u017cliw\u0105 wydajno\u015b\u0107.[\/vc_column_text]<div class=\"dfd-spacer-module\"  data-units=\"px\" data-wide_resolution=\"1280\" data-wide_size=\"25\" data-normal_resolution=\"1024\" data-normal_size=\"10\" data-tablet_resolution=\"800\" data-tablet_size=\"10\" data-mobile_resolution=\"480\" data-mobile_size=\"10\" style=\"height: 25px;\"><\/div>[vc_column_text]<\/p>\n<h4>NOWA, INNOWACYJNA TECHNOLOGIA CROSSBAND<\/h4>\n<p>Dzi\u0119ki technologii Crossband dwa pasma bezprzewodowe mog\u0105 teraz odbiera\u0107 informacje w jednym pa\u015bmie, a nadawa\u0107 w drugim, co zmniejsza ilo\u015b\u0107 porzucanych pakiet\u00f3w danych i zapewnia silniejszy, bardziej sp\u00f3jny sygna\u0142 w ca\u0142ym domu.[\/vc_column_text]<div class=\"dfd-spacer-module\"  data-units=\"px\" data-wide_resolution=\"1280\" data-wide_size=\"25\" data-normal_resolution=\"1024\" data-normal_size=\"10\" data-tablet_resolution=\"800\" data-tablet_size=\"10\" data-mobile_resolution=\"480\" data-mobile_size=\"10\" style=\"height: 25px;\"><\/div>[vc_column_text]<\/p>\n<h4>CZTERY PORTY GIGABIT ETHERNET DLA PO\u0141\u0104CZE\u0143 PRZEWODOWYCH<\/h4>\n<p>Opr\u00f3cz \u0142\u0105czno\u015bci bezprzewodowej RE6500 wyposa\u017cono w cztery porty Gigabit Ethernet, kt\u00f3re s\u0105 10-krotnie szybsze od tradycyjnych port\u00f3w Fast Ethernet, dzi\u0119ki czemu mo\u017cna nawi\u0105zywa\u0107 szybkie i bezpieczne po\u0142\u0105czenia przewodowe z komputerami stacjonarnymi i przeno\u015bnymi oraz praktycznie wszystkimi innymi urz\u0105dzeniami pod\u0142\u0105czonymi do Internetu. Umieszczenie dalmierza na biurku w pobli\u017cu urz\u0105dzenia u\u0142atwia nawi\u0105zywanie po\u0142\u0105cze\u0144 przewodowych.[\/vc_column_text]<div class=\"dfd-spacer-module\"  data-units=\"px\" data-wide_resolution=\"1280\" data-wide_size=\"25\" data-normal_resolution=\"1024\" data-normal_size=\"10\" data-tablet_resolution=\"800\" data-tablet_size=\"10\" data-mobile_resolution=\"480\" data-mobile_size=\"10\" style=\"height: 25px;\"><\/div>[vc_row_inner dfd_row_responsive_enable=&#8221;dfd-row-responsive-enable&#8221; responsive_styles=&#8221;margin_top_desktop:0|margin_bottom_desktop:0|margin_left_desktop:0|margin_right_desktop:0|border_top_desktop:10|border_bottom_desktop:10|border_left_desktop:10|border_right_desktop:10|padding_top_desktop:10|padding_bottom_desktop:10|padding_left_desktop:10|padding_right_desktop:10|border_top_tablet:10|border_bottom_tablet:10|border_left_tablet:10|border_right_tablet:10|padding_top_tablet:10|padding_bottom_tablet:10|padding_left_tablet:10|padding_right_tablet:10|border_top_mobile:10|border_bottom_mobile:10|border_left_mobile:0|border_right_mobile:0|padding_top_mobile:10|padding_bottom_mobile:10|padding_left_mobile:10|padding_right_mobile:10&#8243;][vc_column_inner width=&#8221;1\/2&#8243;][vc_column_text css=&#8221;.vc_custom_1649402594388{padding-right: 0px !important;padding-left: 0px !important;}&#8221;]<\/p>\n<h4>PUNKT DOST\u0118POWY DO STRUMIENIOWEGO PRZESY\u0141ANIA MUZYKI<\/h4>\n<p>Opr\u00f3cz port\u00f3w Gigabit Ethernet, RE6500 posiada z ty\u0142u gniazdo audio, dzi\u0119ki kt\u00f3remu mo\u017cna pod\u0142\u0105czy\u0107 do niego system stereo lub g\u0142o\u015bnik i bezprzewodowo przesy\u0142a\u0107 muzyk\u0119 ze smartfona lub laptopa[\/vc_column_text][\/vc_column_inner][vc_column_inner width=&#8221;1\/2&#8243;][vc_single_image image=&#8221;1402&#8243; img_size=&#8221;600&#215;130,50&#8243; alignment=&#8221;center&#8221;][\/vc_column_inner][\/vc_row_inner]<div class=\"dfd-spacer-module\"  data-units=\"px\" data-wide_resolution=\"1280\" data-wide_size=\"25\" data-normal_resolution=\"1024\" data-normal_size=\"10\" data-tablet_resolution=\"800\" data-tablet_size=\"10\" data-mobile_resolution=\"480\" data-mobile_size=\"10\" style=\"height: 25px;\"><\/div><div class=\"dfd-spacer-module\"  data-units=\"px\" data-wide_resolution=\"1280\" data-wide_size=\"25\" data-normal_resolution=\"1024\" data-normal_size=\"10\" data-tablet_resolution=\"800\" data-tablet_size=\"10\" data-mobile_resolution=\"480\" data-mobile_size=\"10\" style=\"height: 25px;\"><\/div>[vc_column_text]<\/p>\n<h4>WSPARCIE BEZPIECZE\u0143STWA DLA OCHRONY DANYCH<\/h4>\n<p>Podobnie jak inne produkty Linksysa, RE6500 obs\u0142uguje 128-bitowe szyfrowanie (WEP, WPA i WPA2) i jest wyposa\u017cony w przycisk WPS (Wi-Fi Protected Setup), dzi\u0119ki czemu mo\u017cna \u0142atwo i bezpiecznie nawi\u0105za\u0107 po\u0142\u0105czenie z routerem bezprzewodowym lub punktem dost\u0119powym, co zapewnia bezpiecze\u0144stwo sieci i danych.[\/vc_column_text]<div class=\"dfd-spacer-module\"  data-units=\"px\" data-wide_resolution=\"1280\" data-wide_size=\"25\" data-normal_resolution=\"1024\" data-normal_size=\"10\" data-tablet_resolution=\"800\" data-tablet_size=\"10\" data-mobile_resolution=\"480\" data-mobile_size=\"10\" style=\"height: 25px;\"><\/div>[vc_column_text]<\/p>\n<h4>SZYBKA I \u0141ATWA INSTALACJA<\/h4>\n<ol>\n<li>Pod\u0142\u0105cz anteny i kabel zasilaj\u0105cy.<\/li>\n<li>Pod\u0142\u0105cz przed\u0142u\u017cacz zasi\u0119gu w po\u0142owie odleg\u0142o\u015bci mi\u0119dzy routerem a obszarem, w kt\u00f3rym nie ma sieci Wi-Fi.<\/li>\n<li>Poczekaj, a\u017c na obudowie urz\u0105dzenia zapali si\u0119 sta\u0142e \u015bwiat\u0142o. Nast\u0119pnie na komputerze, telefonie lub tablecie po\u0142\u0105cz si\u0119 z sieci\u0105 Wi-Fi &#8222;Linksys Extender Setup&#8221;.<\/li>\n<\/ol>\n<p>[\/vc_column_text]<div class=\"dfd-spacer-module\"  data-units=\"px\" data-wide_resolution=\"1280\" data-wide_size=\"25\" data-normal_resolution=\"1024\" data-normal_size=\"10\" data-tablet_resolution=\"800\" data-tablet_size=\"10\" data-mobile_resolution=\"480\" data-mobile_size=\"10\" style=\"height: 25px;\"><\/div>[vc_column_text]<\/p>\n<h4>WYMAGANIA SYSTEMOWE<\/h4>\n<p>Ten produkt wymaga routera bezprzewodowego lub punktu dost\u0119powego oraz komputera z obs\u0142ug\u0105 sieci Wi-Fi, wyposa\u017conego w port Ethernet i dzia\u0142aj\u0105cego pod kontrol\u0105 systemu operacyjnego Microsoft Windows XP SP3, Windows Vista SP1 lub nowszego, Windows 7, Windows 8 lub Mac OS X Leopard 10.5.8 lub nowszego, Snow Leopard 10.6.1 lub nowszego, Lion 10.7 lub nowszego, Mountain Lion 10.8 lub nowszego.[\/vc_column_text]<div class=\"dfd-spacer-module\"  data-units=\"px\" data-wide_resolution=\"1280\" data-wide_size=\"25\" data-normal_resolution=\"1024\" data-normal_size=\"10\" data-tablet_resolution=\"800\" data-tablet_size=\"10\" data-mobile_resolution=\"480\" data-mobile_size=\"10\" style=\"height: 25px;\"><\/div>[vc_column_text]<\/p>\n<h4>CO JEST W PUDE\u0141KU<\/h4>\n<p>Przed\u0142u\u017cacz zasi\u0119gu Wi-Fi Linksys AC1200 MAX (RE6500), zasilacz, dwie anteny dipolowe, kabel Ethernet i instrukcja szybkiej instalacji.[\/vc_column_text]<div class=\"dfd-spacer-module\"  data-units=\"px\" data-wide_resolution=\"1280\" data-wide_size=\"25\" data-normal_resolution=\"1024\" data-normal_size=\"10\" data-tablet_resolution=\"800\" data-tablet_size=\"10\" data-mobile_resolution=\"480\" data-mobile_size=\"10\" style=\"height: 25px;\"><\/div>[vc_video align=&#8221;center&#8221; link=&#8221;https:\/\/www.youtube.com\/watch?v=8ChCqPCOjKY&#8221;]<div class=\"dfd-spacer-module\"  data-units=\"px\" data-wide_resolution=\"1280\" data-wide_size=\"25\" data-normal_resolution=\"1024\" data-normal_size=\"10\" data-tablet_resolution=\"800\" data-tablet_size=\"10\" data-mobile_resolution=\"480\" data-mobile_size=\"10\" style=\"height: 25px;\"><\/div><div class=\"dfd-heading-shortcode\"><div class=\"dfd-heading-module-wrap  text-center style_01 dfd-heading-69ffc5a321b0b dfd-disable-resposive-headings\" id=\"dfd-heading-69ffc5a321b0b\" ><div class=\"inline-block\"><div class=\"dfd-heading-module\"><h5 class=\"widget-title dfd-title \" style=\"font-family:Lato; font-weight:400; font-style:normal; \"><\/p>\n<h2><strong>Dane techniczne<\/strong><\/h2>\n<p><\/h5><div class=\"dfd-heading-delimiter\"><\/div><\/div><\/div><\/div><script type=\"text\/javascript\">\r\n\t\t\t\t\t\t\t\t\t(function($) {\r\n\t\t\t\t\t\t\t\t\t\t$(\"head\").append(\"<style>.dfd-heading-69ffc5a321b0b.dfd-heading-module-wrap .dfd-heading-module .dfd-heading-delimiter {border-bottom-style:solid;border-bottom-width:1px;width:100px;border-bottom-color:#dddddd;}.dfd-heading-69ffc5a321b0b.dfd-heading-module-wrap .dfd-heading-module .dfd-heading-delimiter {margin-top:10px;margin-bottom:10px;}<\/style>\");\r\n\t\t\t\t\t\t\t\t\t})(jQuery);\r\n\t\t\t\t\t\t\t\t<\/script><\/div>[\/vc_column][\/vc_row][vc_row dfd_row_responsive_enable=&#8221;dfd-row-responsive-enable&#8221; responsive_styles=&#8221;margin_top_mobile:10|margin_bottom_mobile:10|margin_left_mobile:10|margin_right_mobile:10|border_top_mobile:10|border_bottom_mobile:10|border_left_mobile:10|border_right_mobile:10|padding_top_mobile:10|padding_bottom_mobile:10|padding_left_mobile:10|padding_right_mobile:10&#8243;][vc_column][vc_column_text]<strong>Standardy sieciowe:<\/strong><\/p>\n<ul>\n<li>IEEE 802.11a<\/li>\n<li>IEEE 802.11b<\/li>\n<li>IEEE 802.11g<\/li>\n<li>IEEE 802.11n<\/li>\n<li>IEEE 802.11ac<\/li>\n<\/ul>\n<hr \/>\n<p><strong>Pasma cz\u0119stotliwo\u015bci radiowej:<\/strong><\/p>\n<p>2,4 i 5 GHz<\/p>\n<hr \/>\n<p><strong>Porty:<\/strong><\/p>\n<p>4x Gigabit Ethernet, audio, zasilanie<\/p>\n<hr \/>\n<p><strong>Diody LED:<\/strong><\/p>\n<p>Power\/Wi-Fi Protected Setup, Ethernet (link, activity)<\/p>\n<hr \/>\n<p><strong>Przyciski<\/strong>:<\/p>\n<p>1x Reset<\/p>\n<hr \/>\n<p><strong>Temperatura pracy:<\/strong><\/p>\n<p>32 do 104 F (0 do 40 C)<\/p>\n<hr \/>\n<p><strong>Temperatura przechowywania:<\/strong><\/p>\n<p>-4 do 140\u00b0F (-20 do 60\u00b0C)<\/p>\n<hr \/>\n<p><strong>Wilgotno\u015b\u0107 pracy:<\/strong><\/p>\n<p>10 do 80% bez kondensacji<\/p>\n<hr \/>\n<p><strong>Maks. szybko\u015b\u0107 \u0142\u0105cza:<\/strong><\/p>\n<p>867 Mb\/s<\/p>\n<hr \/>\n<p><strong>Zgodno\u015b\u0107 z platform\u0105:<\/strong><\/p>\n<ul>\n<li>Windows XP<\/li>\n<li>Windows Vista 32\/64<\/li>\n<li>Windows 7 32\/64<\/li>\n<li>Windows 8 32\/64<\/li>\n<li>Windows 8.1 32\/64<\/li>\n<li>Mac OS X 10.5.8 Leopard<\/li>\n<li>Mac OS X 10.6.1 Snow Leopard<\/li>\n<li>Mac OS X 10.7 Lion<\/li>\n<li>Mac OS X 10.8 Mountain Lion<\/li>\n<li>Mac OS X 10.9 Mavericks<\/li>\n<li>Mac OS X 10.10 Yosemite<\/li>\n<\/ul>\n<p>[\/vc_column_text][\/vc_column][\/vc_row][vc_row][vc_column][vc_column_text]<!-- \/wp:shortcode -->[\/vc_column_text][\/vc_column][\/vc_row]<\/p>\n","protected":false},"excerpt":{"rendered":"<p>[vc_row][vc_column][vc_gallery interval=&#8221;10&#8243; images=&#8221;1395,1396,1397&#8243; img_size=&#8221;900&#215;900&#8243; css=&#8221;.vc_custom_1649332282628{padding-top: 10px !important;}&#8221;][\/vc_column][\/vc_row][vc_row dfd_row_responsive_enable=&#8221;dfd-row-responsive-enable&#8221; responsive_styles=&#8221;margin_right_desktop:10|border_left_desktop:10|border_right_desktop:10|padding_top_desktop:10|padding_left_desktop:10|padding_right_desktop:10|margin_top_tablet:0|margin_bottom_tablet:0|margin_left_tablet:0|margin_right_tablet:0|border_top_tablet:10|border_bottom_tablet:10|border_left_tablet:10|border_right_tablet:10|padding_top_tablet:10|padding_bottom_tablet:10|padding_left_tablet:10|padding_right_tablet:10|margin_left_mobile:0|margin_right_mobile:0|border_top_mobile:10|border_bottom_mobile:10|border_left_mobile:10|border_right_mobile:10|padding_top_mobile:10|padding_bottom_mobile:10|padding_left_mobile:10|padding_right_mobile:10&#8243;][vc_column dfd_column_responsive_enable=&#8221;dfd-column-responsive-enable&#8221; css=&#8221;.vc_custom_1648216253754{padding-top: 10px !important;}&#8221; col_shadow=&#8221;box_shadow_enable:disable|shadow_horizontal:0|shadow_vertical:15|shadow_blur:50|shadow_spread:0|box_shadow_color:rgba(0%2C0%2C0%2C.35)&#8221; col_shadow_hover=&#8221;box_shadow_enable:disable|shadow_horizontal:0|shadow_vertical:15|shadow_blur:50|shadow_spread:0|box_shadow_color:rgba(0%2C0%2C0%2C.35)&#8221; responsive_styles=&#8221;margin_left_desktop:10|margin_right_desktop:10|border_left_desktop:10|border_right_desktop:10|padding_left_desktop:10|padding_right_desktop:10&#8243;][vc_column_text] Zwi\u0119ksz zasi\u0119g sygna\u0142u Wireless-AC i wyeliminuj martwe punkty dzi\u0119ki przed\u0142u\u017caczowi Linksys AC1200 MAX Wi-Fi<\/p>\n","protected":false},"author":5,"featured_media":0,"parent":4,"menu_order":-3,"comment_status":"closed","ping_status":"closed","template":"","meta":[],"_links":{"self":[{"href":"https:\/\/linksys.pl\/index.php?rest_route=\/wp\/v2\/pages\/1388"}],"collection":[{"href":"https:\/\/linksys.pl\/index.php?rest_route=\/wp\/v2\/pages"}],"about":[{"href":"https:\/\/linksys.pl\/index.php?rest_route=\/wp\/v2\/types\/page"}],"author":[{"embeddable":true,"href":"https:\/\/linksys.pl\/index.php?rest_route=\/wp\/v2\/users\/5"}],"replies":[{"embeddable":true,"href":"https:\/\/linksys.pl\/index.php?rest_route=%2Fwp%2Fv2%2Fcomments&post=1388"}],"version-history":[{"count":19,"href":"https:\/\/linksys.pl\/index.php?rest_route=\/wp\/v2\/pages\/1388\/revisions"}],"predecessor-version":[{"id":1433,"href":"https:\/\/linksys.pl\/index.php?rest_route=\/wp\/v2\/pages\/1388\/revisions\/1433"}],"up":[{"embeddable":true,"href":"https:\/\/linksys.pl\/index.php?rest_route=\/wp\/v2\/pages\/4"}],"wp:attachment":[{"href":"https:\/\/linksys.pl\/index.php?rest_route=%2Fwp%2Fv2%2Fmedia&parent=1388"}],"curies":[{"name":"wp","href":"https:\/\/api.w.org\/{rel}","templated":true}]}}