{"id":1360,"date":"2022-04-06T15:44:44","date_gmt":"2022-04-06T13:44:44","guid":{"rendered":"https:\/\/linksys.pl\/?page_id=1360"},"modified":"2022-04-06T16:17:35","modified_gmt":"2022-04-06T14:17:35","slug":"dwuzakresowy-router-mesh-wi-fi-5-ac1300-mr6350","status":"publish","type":"page","link":"https:\/\/linksys.pl\/?page_id=1360","title":{"rendered":"Dwuzakresowy router mesh Wi-Fi 5 AC1300 (MR6350)"},"content":{"rendered":"<p>[vc_row][vc_column][vc_column_text]<p>[\/vc_column_text][\/vc_column][\/vc_row][vc_row][vc_column][vc_gallery interval=&#8221;10&#8243; images=&#8221;1365,1366,1367,1368,1369,1370,1371,1372,1373&#8243; img_size=&#8221;full&#8221; css=&#8221;.vc_custom_1649253091829{padding-top: 10px !important;}&#8221;]<div class=\"dfd-heading-shortcode\"><div class=\"dfd-heading-module-wrap  text-center style_01 dfd-heading-69ffc6ae04e89 dfd-disable-resposive-headings\" id=\"dfd-heading-69ffc6ae04e89\" ><div class=\"inline-block\"><div class=\"dfd-heading-module\"><h5 class=\"widget-title dfd-title \" style=\"\"><\/p>\n<h1>Dwuzakresowy router mesh Wi-Fi 5 AC1300 (MR6350)<\/h1>\n<p><\/h5><div class=\"dfd-heading-delimiter\"><\/div><\/div><\/div><\/div><script type=\"text\/javascript\">\r\n\t\t\t\t\t\t\t\t\t(function($) {\r\n\t\t\t\t\t\t\t\t\t\t$(\"head\").append(\"<style>.dfd-heading-69ffc6ae04e89.dfd-heading-module-wrap .dfd-heading-module .dfd-heading-delimiter {border-bottom-style:solid;border-bottom-width:1px;width:100px;border-bottom-color:#dddddd;}.dfd-heading-69ffc6ae04e89.dfd-heading-module-wrap .dfd-heading-module .dfd-heading-delimiter {margin-top:10px;margin-bottom:10px;}<\/style>\");\r\n\t\t\t\t\t\t\t\t\t})(jQuery);\r\n\t\t\t\t\t\t\t\t<\/script><\/div><div class=\"dfd-spacer-module\"  data-units=\"px\" data-wide_resolution=\"1280\" data-wide_size=\"25\" data-normal_resolution=\"1024\" data-normal_size=\"10\" data-tablet_resolution=\"800\" data-tablet_size=\"10\" data-mobile_resolution=\"480\" data-mobile_size=\"10\" style=\"height: 25px;\"><\/div>[\/vc_column][\/vc_row][vc_row dfd_row_responsive_enable=&#8221;dfd-row-responsive-enable&#8221; responsive_styles=&#8221;border_left_desktop:-1|padding_top_desktop:10|padding_left_desktop:10|padding_right_desktop:10|margin_top_tablet:10|margin_bottom_tablet:10|margin_left_tablet:10|margin_right_tablet:10|border_top_tablet:10|border_bottom_tablet:10|border_left_tablet:10|border_right_tablet:10|padding_top_tablet:10|padding_bottom_tablet:10|padding_left_tablet:10|padding_right_tablet:10|margin_left_mobile:10|margin_right_mobile:10|border_left_mobile:10|border_right_mobile:10|padding_left_mobile:10|padding_right_mobile:10&#8243;][vc_column dfd_column_responsive_enable=&#8221;dfd-column-responsive-enable&#8221; css=&#8221;.vc_custom_1648216253754{padding-top: 10px !important;}&#8221; col_shadow=&#8221;box_shadow_enable:disable|shadow_horizontal:0|shadow_vertical:15|shadow_blur:50|shadow_spread:0|box_shadow_color:rgba(0%2C0%2C0%2C.35)&#8221; col_shadow_hover=&#8221;box_shadow_enable:disable|shadow_horizontal:0|shadow_vertical:15|shadow_blur:50|shadow_spread:0|box_shadow_color:rgba(0%2C0%2C0%2C.35)&#8221; responsive_styles=&#8221;margin_left_desktop:10|margin_right_desktop:10|border_left_desktop:10|border_right_desktop:10|padding_left_desktop:10|padding_right_desktop:10&#8243;][vc_column_text]<\/p>\n<h6><strong>Dwuzakresowy router mesh Wi-Fi MR6350 obejmuje zasi\u0119giem dwupokojowe domy i mieszkania, zapewniaj\u0105c pr\u0119dko\u015b\u0107 si\u0119gaj\u0105c\u0105 1267 MB\/s. Dzi\u0119ki zbudowanej od podstaw technologii Velop\u00ae Intelligent Mesh\u2122 wszystkie urz\u0105dzenia b\u0119d\u0105 b\u0142yskawicznie \u0142\u0105czy\u0107 si\u0119 z Internetem. Je\u017celi Twoje oczekiwania wzgl\u0119dem Wi-Fi wzrosn\u0105, po prostu dodaj jakikolwiek produkt Linksys dla Wi-Fi typu mesh, aby zwi\u0119kszy\u0107 zasi\u0119g sieci. Wszystkie wsp\u00f3\u0142pracuj\u0105 p\u0142ynnie, wi\u0119c nie ma potrzeby r\u0119cznego prze\u0142\u0105czania mi\u0119dzy sieciami. Dzi\u0119ki aplikacji Linksys router Wi-Fi 5 MR6350 jest tak \u0142atwy do skonfigurowania, \u017ce mo\u017cna przesy\u0142a\u0107 strumieniowo filmy w zaledwie kilka minut.<\/strong><\/h6>\n<h6><strong>\u00a0<\/strong><\/h6>\n<p>[\/vc_column_text]<div class=\"dfd-spacer-module\"  data-units=\"px\" data-wide_resolution=\"1280\" data-wide_size=\"25\" data-normal_resolution=\"1024\" data-normal_size=\"10\" data-tablet_resolution=\"800\" data-tablet_size=\"10\" data-mobile_resolution=\"480\" data-mobile_size=\"10\" style=\"height: 25px;\"><\/div>[\/vc_column][\/vc_row][vc_row dfd_row_responsive_enable=&#8221;dfd-row-responsive-enable&#8221; css=&#8221;.vc_custom_1648216439867{padding-top: 10px !important;}&#8221; responsive_styles=&#8221;margin_right_desktop:1|padding_top_desktop:10|padding_bottom_desktop:10|padding_left_desktop:10|padding_right_desktop:10|border_top_tablet:10|border_bottom_tablet:10|border_left_tablet:10|border_right_tablet:10|padding_top_tablet:10|padding_bottom_tablet:10|padding_left_tablet:10|padding_right_tablet:10|margin_top_mobile:10|margin_bottom_mobile:10|margin_left_mobile:10|margin_right_mobile:10|border_top_mobile:10|border_bottom_mobile:10|border_left_mobile:10|border_right_mobile:10|padding_top_mobile:10|padding_bottom_mobile:10|padding_left_mobile:10|padding_right_mobile:10&#8243;][vc_column css=&#8221;.vc_custom_1648215032197{padding-top: 10px !important;}&#8221; col_shadow=&#8221;box_shadow_enable:disable|shadow_horizontal:0|shadow_vertical:15|shadow_blur:50|shadow_spread:0|box_shadow_color:rgba(0%2C0%2C0%2C.35)&#8221; col_shadow_hover=&#8221;box_shadow_enable:disable|shadow_horizontal:0|shadow_vertical:15|shadow_blur:50|shadow_spread:0|box_shadow_color:rgba(0%2C0%2C0%2C.35)&#8221;][vc_column_text]<\/p>\n<h4>\u0141ATWA KONFIGURACJA ZA POMOC\u0104 APLIKACJI<\/h4>\n<p>Konfiguracja dwuzakresowego routera AC1300 sieci Wi-Fi 5 (MR6350) jest bardzo \u0142atwa. Pobierz aplikacj\u0119 Linksys na dowolnym smartfonie z systemami iOS lub Android. Aplikacja automatycznie identyfikuje urz\u0105dzenie, kt\u00f3re ma zosta\u0107 skonfigurowane, i udost\u0119pnia animowany przewodnik po konfiguracji, kt\u00f3ry zapewni Ci dost\u0119p do sieci w ci\u0105gu kilku minut. Dzi\u0119ki aplikacji Linksys zawsze mo\u017cesz monitorowa\u0107 domow\u0105 sie\u0107 Wi-Fi i zarz\u0105dza\u0107 ni\u0105 z dowolnego miejsca, u\u017cywaj\u0105c do tego smartfona lub tabletu.<\/p>\n<p>[\/vc_column_text][vc_single_image image=&#8221;1375&#8243; img_size=&#8221;full&#8221; css=&#8221;.vc_custom_1649253276072{padding-top: 10px !important;padding-right: 10px !important;padding-bottom: 10px !important;padding-left: 10px !important;}&#8221;][vc_row_inner dfd_row_responsive_enable=&#8221;dfd-row-responsive-enable&#8221; responsive_styles=&#8221;margin_top_desktop:10|margin_bottom_desktop:10|margin_left_desktop:10|margin_right_desktop:10|border_top_desktop:10|border_bottom_desktop:10|border_left_desktop:10|border_right_desktop:10|padding_top_desktop:10|padding_bottom_desktop:10|padding_left_desktop:10|padding_right_desktop:10|border_top_tablet:10|border_bottom_tablet:10|border_left_tablet:10|border_right_tablet:10|padding_top_tablet:10|padding_bottom_tablet:10|padding_left_tablet:10|padding_right_tablet:10|border_top_mobile:10|border_bottom_mobile:10|border_left_mobile:10|border_right_mobile:10|padding_top_mobile:10|padding_bottom_mobile:10|padding_left_mobile:10|padding_right_mobile:10&#8243; css=&#8221;.vc_custom_1648216896389{padding-top: 10px !important;}&#8221;][vc_column_inner]<div class=\"dfd-spacer-module\"  data-units=\"px\" data-wide_resolution=\"1280\" data-wide_size=\"10\" data-normal_resolution=\"1024\" data-normal_size=\"\" data-tablet_resolution=\"800\" data-tablet_size=\"\" data-mobile_resolution=\"480\" data-mobile_size=\"\" style=\"height: 10px;\"><\/div>[vc_column_text]<\/p>\n<h4>ZASI\u0118G WI-FI W KA\u017bDYM MIEJSCU W TWOIM DOMU<\/h4>\n<p>Dzi\u0119ki wbudowanej funkcji Wi-Fi Velop Intelligent Mesh\u2122 router w pe\u0142ni dostosuje si\u0119 do zapotrzebowania Twojego domu. Je\u017celi Twoje potrzeby wzgl\u0119dem Wi-Fi wzrosn\u0105, po prostu dodaj produkt Linksys dla Wi-Fi typu mesh, aby zwi\u0119kszy\u0107 zasi\u0119g sieci. Wszystkie wsp\u00f3\u0142pracuj\u0105 p\u0142ynnie z modelem MR6350, wi\u0119c nie ma potrzeby r\u0119cznego prze\u0142\u0105czania mi\u0119dzy sieciami.<\/p>\n<p>[\/vc_column_text]<div class=\"dfd-spacer-module\"  data-units=\"px\" data-wide_resolution=\"1280\" data-wide_size=\"10\" data-normal_resolution=\"1024\" data-normal_size=\"\" data-tablet_resolution=\"800\" data-tablet_size=\"\" data-mobile_resolution=\"480\" data-mobile_size=\"\" style=\"height: 10px;\"><\/div><div class=\"dfd-spacer-module\"  data-units=\"px\" data-wide_resolution=\"1280\" data-wide_size=\"25\" data-normal_resolution=\"1024\" data-normal_size=\"10\" data-tablet_resolution=\"800\" data-tablet_size=\"10\" data-mobile_resolution=\"480\" data-mobile_size=\"10\" style=\"height: 25px;\"><\/div>[vc_column_text]<\/p>\n<h4>KONTROLUJ SWOJE WI-FI W CZASIE RZECZYWISTYM, GDZIEKOLWIEK JESTE\u015a<\/h4>\n<p>Aplikacja Linksys stanowi centrum dowodzenia dla Twojej sieci Wi-Fi. Sprawdzaj stan pod\u0142\u0105czonych urz\u0105dze\u0144, konfiguruj uprawnienia go\u015bci oraz ograniczaj dzieciom dost\u0119p do sieci.<\/p>\n<p>[\/vc_column_text][\/vc_column_inner][\/vc_row_inner][\/vc_column][\/vc_row][vc_row dfd_row_responsive_enable=&#8221;dfd-row-responsive-enable&#8221; responsive_styles=&#8221;margin_top_desktop:10|margin_bottom_desktop:10|margin_left_desktop:10|margin_right_desktop:10|border_top_desktop:10|border_bottom_desktop:10|border_left_desktop:10|border_right_desktop:10|padding_top_desktop:10|padding_bottom_desktop:10|padding_left_desktop:10|padding_right_desktop:10|margin_top_tablet:10|margin_bottom_tablet:10|margin_left_tablet:0|margin_right_tablet:0|border_top_tablet:10|border_bottom_tablet:10|border_left_tablet:10|border_right_tablet:10|padding_top_tablet:10|padding_bottom_tablet:10|padding_left_tablet:10|padding_right_tablet:10|margin_top_mobile:10|margin_bottom_mobile:10|margin_left_mobile:0|margin_right_mobile:0|border_top_mobile:10|border_bottom_mobile:10|border_left_mobile:10|border_right_mobile:10|padding_top_mobile:10|padding_bottom_mobile:10|padding_left_mobile:10|padding_right_mobile:10&#8243;][vc_column][vc_single_image image=&#8221;1378&#8243; img_size=&#8221;full&#8221; alignment=&#8221;center&#8221;][\/vc_column][\/vc_row][vc_row dfd_row_responsive_enable=&#8221;dfd-row-responsive-enable&#8221; responsive_styles=&#8221;margin_top_desktop:10|margin_bottom_desktop:10|margin_left_desktop:10|margin_right_desktop:10|border_top_desktop:10|border_bottom_desktop:10|border_left_desktop:10|border_right_desktop:10|padding_top_desktop:10|padding_bottom_desktop:10|padding_left_desktop:10|padding_right_desktop:10|margin_top_tablet:10|margin_bottom_tablet:10|margin_left_tablet:10|margin_right_tablet:10|border_top_tablet:10|border_bottom_tablet:10|border_left_tablet:10|border_right_tablet:10|padding_top_tablet:10|padding_bottom_tablet:10|padding_left_tablet:10|padding_right_tablet:10|margin_top_mobile:10|margin_bottom_mobile:10|margin_left_mobile:10|margin_right_mobile:10|border_top_mobile:10|border_bottom_mobile:10|border_left_mobile:10|border_right_mobile:10|padding_top_mobile:10|padding_bottom_mobile:10|padding_left_mobile:10|padding_right_mobile:10&#8243;][vc_column]<div class=\"dfd-heading-shortcode\"><div class=\"dfd-heading-module-wrap  text-center style_01 dfd-heading-69ffc6ae05076 dfd-disable-resposive-headings\" id=\"dfd-heading-69ffc6ae05076\" ><div class=\"inline-block\"><div class=\"dfd-heading-module\"><h5 class=\"widget-title dfd-title \" style=\"\"><\/p>\n<h2><strong>Najwa\u017cniejsze cechy<\/strong><\/h2>\n<p><\/h5><div class=\"dfd-heading-delimiter\"><\/div><\/div><\/div><\/div><script type=\"text\/javascript\">\r\n\t\t\t\t\t\t\t\t\t(function($) {\r\n\t\t\t\t\t\t\t\t\t\t$(\"head\").append(\"<style>.dfd-heading-69ffc6ae05076.dfd-heading-module-wrap .dfd-heading-module .dfd-heading-delimiter {border-bottom-style:solid;border-bottom-width:1px;width:100px;border-bottom-color:#dddddd;}.dfd-heading-69ffc6ae05076.dfd-heading-module-wrap .dfd-heading-module .dfd-heading-delimiter {margin-top:10px;margin-bottom:10px;}<\/style>\");\r\n\t\t\t\t\t\t\t\t\t})(jQuery);\r\n\t\t\t\t\t\t\t\t<\/script><\/div>[vc_column_text]<\/p>\n<p><strong>Jednocze\u015bnie korzystaj ze streamingu, graj i nie tylko<br \/><\/strong>Wyeliminuj buforowanie i op\u00f3\u017anienia. Mo\u017cliwe jednoczesne korzystanie z rozrywki przez wiele os\u00f3b (jedynym ograniczeniem jest wykupiona u dostawcy Internetu pr\u0119dko\u015b\u0107).<\/p>\n<p><strong>Wysoka pr\u0119dko\u015b\u0107<br \/><\/strong>Czterordzeniowy procesor i dwuzakresowy system z technologi\u0105 MU-MIMO zapewniaj\u0105 transfer z szybko\u015bci\u0105 do 1267 MB\/s.<\/p>\n<p><strong>\u0141atwa w rozbudowie sie\u0107 Wi-Fi typu mesh<br \/><\/strong>Wystarczy doda\u0107 w\u0119z\u0142y Linksys Velop typu mesh, aby w dowolnym momencie bezproblemowo zwi\u0119kszy\u0107 zasi\u0119g Wi-Fi.<\/p>\n<p><strong>\u0141atwa konfiguracja <br \/><\/strong>Po prostu nazwij swoj\u0105 sie\u0107 i wybierz has\u0142o, korzystaj\u0105c z aplikacji Linksys.<\/p>\n<p><strong>Kontrola bezpiecze\u0144stwa za pomoc\u0105 aplikacji Linksys <br \/><\/strong>\u0141atwo ogranicz zu\u017cycie Internetu i zyskaj pewno\u015b\u0107, \u017ce Twoja sie\u0107 jest zawsze chroniona.<\/p>\n<p><strong>Automatyczne aktualizacje oprogramowania uk\u0142adowego <br \/><\/strong>Dzi\u0119ki niemu system b\u0119dzie zawsze aktualny i bezpieczny.<\/p>\n<p>[\/vc_column_text][vc_column_text]<\/p>\n[\/vc_column_text][\/vc_column][\/vc_row][vc_row][vc_column column_responsive_mobile_resolutions=&#8221;dfd-apply-laptop,dfd-apply-tablet,dfd-apply-mobile&#8221; dfd_column_responsive_enable=&#8221;dfd-column-responsive-enable&#8221; css=&#8221;.vc_custom_1648215020292{padding-top: 10px !important;}&#8221; col_shadow=&#8221;box_shadow_enable:disable|shadow_horizontal:0|shadow_vertical:15|shadow_blur:50|shadow_spread:0|box_shadow_color:rgba(0%2C0%2C0%2C.35)&#8221; col_shadow_hover=&#8221;box_shadow_enable:disable|shadow_horizontal:0|shadow_vertical:15|shadow_blur:50|shadow_spread:0|box_shadow_color:rgba(0%2C0%2C0%2C.35)&#8221; responsive_styles=&#8221;padding_top_desktop:10&#8243;]<div class=\"dfd-heading-shortcode\"><div class=\"dfd-heading-module-wrap  text-center style_01 dfd-heading-69ffc6ae050eb dfd-disable-resposive-headings\" id=\"dfd-heading-69ffc6ae050eb\" ><div class=\"inline-block\"><div class=\"dfd-heading-module\"><h5 class=\"widget-title dfd-title \" style=\"font-family:Lato; font-weight:400; font-style:normal; \"><\/p>\n<h2><strong>Dane techniczne<\/strong><\/h2>\n<p><\/h5><div class=\"dfd-heading-delimiter\"><\/div><\/div><\/div><\/div><script type=\"text\/javascript\">\r\n\t\t\t\t\t\t\t\t\t(function($) {\r\n\t\t\t\t\t\t\t\t\t\t$(\"head\").append(\"<style>.dfd-heading-69ffc6ae050eb.dfd-heading-module-wrap .dfd-heading-module .dfd-heading-delimiter {border-bottom-style:solid;border-bottom-width:1px;width:100px;border-bottom-color:#dddddd;}.dfd-heading-69ffc6ae050eb.dfd-heading-module-wrap .dfd-heading-module .dfd-heading-delimiter {margin-top:10px;margin-bottom:10px;}<\/style>\");\r\n\t\t\t\t\t\t\t\t\t})(jQuery);\r\n\t\t\t\t\t\t\t\t<\/script><\/div>[\/vc_column][\/vc_row][vc_row dfd_row_responsive_enable=&#8221;dfd-row-responsive-enable&#8221; responsive_styles=&#8221;margin_top_mobile:10|margin_bottom_mobile:10|margin_left_mobile:10|margin_right_mobile:10|border_top_mobile:10|border_bottom_mobile:10|border_left_mobile:10|border_right_mobile:10|padding_top_mobile:10|padding_bottom_mobile:10|padding_left_mobile:10|padding_right_mobile:10&#8243;][vc_column][vc_column_text]<\/p>\n<p><strong>Elementy wymagane do przeprowadzenia konfiguracji:<\/strong><\/p>\n<p>Prosta i bezpieczna konfiguracja za pomoc\u0105 aplikacji.<\/p>\n<ol>\n<li>Po\u0142\u0105czenie internetowe za pomoc\u0105 modemu lub modemu z funkcj\u0105 routera.<\/li>\n<li>Dzia\u0142a z urz\u0105dzeniami z systemem iOS 9 lub Android\u2122 4.4 z transmisj\u0105 danych.<\/li>\n<\/ol>\n<hr \/>\n<p><strong>Bluetooth\u00ae:<\/strong><\/p>\n<p>4.1\/LE dla bezpiecznej i \u0142atwej konfiguracji za pomoc\u0105 aplikacji.<\/p>\n<hr \/>\n<p><strong>Procesor i pami\u0119\u0107 dla szybszego przetwarzania:<\/strong><\/p>\n<ul>\n<li>716 MHz czterordzeniowy.<\/li>\n<li>256 MB pami\u0119ci flash i 256 MB SD RAM.<\/li>\n<\/ul>\n<hr \/>\n<p><strong>Przewodowa \u0142\u0105czno\u015b\u0107 dla WAN i LAN:<\/strong><\/p>\n<ul>\n<li>5 gniazd Gigabit Ethernet<\/li>\n<li>1X WAN, 4X LAN,<\/li>\n<li>1X port USB 3.0<\/li>\n<\/ul>\n<hr \/>\n<p><strong>Zabezpieczenia:<\/strong><\/p>\n<ul>\n<li>Szyfrowanie osobiste WPA2,<\/li>\n<li>128-bitowe szyfrowanie \u0142\u0105cza AES.<\/li>\n<\/ul>\n<hr \/>\n<p><strong>Specyfikacja Wi-Fi:<\/strong><\/p>\n<ul>\n<li>Wi-Fi 5, AC1300* z 4-strumieniowym Wi-Fi i 256\u2011<\/li>\n<li>2&#215;2 MU-MIMO: <br \/>Pasmo 2,4 GHz 400 MB\/s* <br \/>Pasmo 5 GHz 867 MB\/s*<\/li>\n<li>Technologia \u0142atwego routingu.<\/li>\n<li>Technologia Advanced Beamforming+ (zaawansowanego formowania wi\u0105zki)<\/li>\n<li>Sterowanie pasmem za pomoc\u0105 aplikacji Smart Connect<\/li>\n<li>IEEE a\/b\/g\/n\/ac.<\/li>\n<\/ul>\n<hr \/>\n<p><strong>Cz\u0119stotliwo\u015bci robocze i moc wyj\u015bciowa Wi-Fi (EIRP):<\/strong><\/p>\n<ul>\n<li>2412-2472 MHz 19,99 dBm<\/li>\n<li>5180-5240 MHz 22,98 dBm<\/li>\n<li>5260-5320 MHz 22,77 dBm<\/li>\n<li>5500-5700 MHz 29,89 dBm<\/li>\n<\/ul>\n<hr \/>\n<p><strong>Zysk energetyczny anteny Wi-Fi:<\/strong><\/p>\n<ul>\n<li>2412\u20132472 MHz 2,93 dBi<\/li>\n<li>5180\u20135240 MHz 3,18 dBi<\/li>\n<li>5260\u20135320 MHz 3,18 dBi<\/li>\n<li>5500\u20135700 MHz 3,13 dBi<\/li>\n<\/ul>\n<hr \/>\n<p><strong>Typ anteny: <\/strong><\/p>\n<ul>\n<li><strong>Wi<\/strong><strong>\u2011<\/strong><strong>Fi &#8211; <\/strong>Dipol<\/li>\n<li><strong>Bluetooth \u2013 <\/strong>Metalowa<\/li>\n<\/ul>\n<hr \/>\n<p><strong>Bluetooth: <\/strong><\/p>\n<ul>\n<li><strong>Zysk anteny &#8211; <\/strong>3,60 dBi<\/li>\n<li><strong>EIRP &#8211; <\/strong>9,90 dBm<\/li>\n<\/ul>\n<hr \/>\n<p><strong>Zasilacz: <\/strong><\/p>\n<ul>\n<li>Wej\u015bcie: 100\u2013240 V AC,<\/li>\n<li>50\/60 Hz, 0,5 A<\/li>\n<li>Wyj\u015bcie: 12 V DC, 1,5 A<\/li>\n<\/ul>\n<hr \/>\n<p><strong>Temperatura:<\/strong><\/p>\n<ul>\n<li>robocza od 0 do 40\u00b0C<\/li>\n<li>przechowywania od \u201320 do 60\u00b0C<\/li>\n<\/ul>\n<hr \/>\n<p><strong>Zakres wilgotno\u015bci:<\/strong> <br \/>od 10 kondensacji<\/p>\n<hr \/>\n<h4><strong>Wymiary<\/strong><\/h4>\n<p><strong>Produkt:<\/strong><\/p>\n<ul>\n<li>Waga 0,45 kg<\/li>\n<li>G\u0142\u0119boko\u015b\u0107 14,98 cm<\/li>\n<li>Szeroko\u015b\u0107 20,49 cm<\/li>\n<li>Wysoko\u015b\u0107 13,71 cm<\/li>\n<\/ul>\n<p><strong>Jednostka w opakowaniu detalicznym:<\/strong><\/p>\n<ul>\n<li>Waga 0,78 kg<\/li>\n<li>G\u0142\u0119boko\u015b\u0107 8,64 cm<\/li>\n<li>Szeroko\u015b\u0107 22,50 cm<\/li>\n<li>Wysoko\u015b\u0107 24 cm<\/li>\n<\/ul>\n<p><strong>Wymiary opakowania zbiorczego<\/strong><\/p>\n<ul>\n<li>Ilo\u015b\u0107 (*PL) 4 na opakowanie<\/li>\n<li>Waga (*PL) 3,946 kg<\/li>\n<li>G\u0142\u0119boko\u015b\u0107 (*PL) 24 cm<\/li>\n<li>Szeroko\u015b\u0107 (*PL) 38,9 cm<\/li>\n<li>Wysoko\u015b\u0107 (*PL) 27,50 cm<\/li>\n<\/ul>\n<p>&nbsp;<\/p>\n<p>[\/vc_column_text][\/vc_column][\/vc_row][vc_row][vc_column][vc_column_text]<!-- \/wp:shortcode -->[\/vc_column_text][\/vc_column][\/vc_row]<\/p>\n","protected":false},"excerpt":{"rendered":"<p>[vc_row][vc_column][vc_column_text][\/vc_column_text][\/vc_column][\/vc_row][vc_row][vc_column column_responsive_mobile_resolutions=&#8221;dfd-apply-laptop,dfd-apply-tablet,dfd-apply-mobile&#8221; dfd_column_responsive_enable=&#8221;dfd-column-responsive-enable&#8221; css=&#8221;.vc_custom_1648215020292{padding-top: 10px !important;}&#8221; col_shadow=&#8221;box_shadow_enable:disable|shadow_horizontal:0|shadow_vertical:15|shadow_blur:50|shadow_spread:0|box_shadow_color:rgba(0%2C0%2C0%2C.35)&#8221; col_shadow_hover=&#8221;box_shadow_enable:disable|shadow_horizontal:0|shadow_vertical:15|shadow_blur:50|shadow_spread:0|box_shadow_color:rgba(0%2C0%2C0%2C.35)&#8221; responsive_styles=&#8221;padding_top_desktop:10&#8243;][\/vc_column][\/vc_row][vc_row dfd_row_responsive_enable=&#8221;dfd-row-responsive-enable&#8221; responsive_styles=&#8221;margin_top_mobile:10|margin_bottom_mobile:10|margin_left_mobile:10|margin_right_mobile:10|border_top_mobile:10|border_bottom_mobile:10|border_left_mobile:10|border_right_mobile:10|padding_top_mobile:10|padding_bottom_mobile:10|padding_left_mobile:10|padding_right_mobile:10&#8243;][vc_column][vc_column_text] Elementy wymagane do przeprowadzenia konfiguracji: Prosta i bezpieczna konfiguracja za pomoc\u0105 aplikacji. Po\u0142\u0105czenie internetowe za pomoc\u0105 modemu lub modemu<\/p>\n","protected":false},"author":5,"featured_media":0,"parent":4,"menu_order":0,"comment_status":"closed","ping_status":"closed","template":"","meta":[],"_links":{"self":[{"href":"https:\/\/linksys.pl\/index.php?rest_route=\/wp\/v2\/pages\/1360"}],"collection":[{"href":"https:\/\/linksys.pl\/index.php?rest_route=\/wp\/v2\/pages"}],"about":[{"href":"https:\/\/linksys.pl\/index.php?rest_route=\/wp\/v2\/types\/page"}],"author":[{"embeddable":true,"href":"https:\/\/linksys.pl\/index.php?rest_route=\/wp\/v2\/users\/5"}],"replies":[{"embeddable":true,"href":"https:\/\/linksys.pl\/index.php?rest_route=%2Fwp%2Fv2%2Fcomments&post=1360"}],"version-history":[{"count":9,"href":"https:\/\/linksys.pl\/index.php?rest_route=\/wp\/v2\/pages\/1360\/revisions"}],"predecessor-version":[{"id":1382,"href":"https:\/\/linksys.pl\/index.php?rest_route=\/wp\/v2\/pages\/1360\/revisions\/1382"}],"up":[{"embeddable":true,"href":"https:\/\/linksys.pl\/index.php?rest_route=\/wp\/v2\/pages\/4"}],"wp:attachment":[{"href":"https:\/\/linksys.pl\/index.php?rest_route=%2Fwp%2Fv2%2Fmedia&parent=1360"}],"curies":[{"name":"wp","href":"https:\/\/api.w.org\/{rel}","templated":true}]}}