{"id":1341,"date":"2022-04-06T12:23:00","date_gmt":"2022-04-06T10:23:00","guid":{"rendered":"https:\/\/linksys.pl\/?page_id=1341"},"modified":"2022-04-06T15:45:47","modified_gmt":"2022-04-06T13:45:47","slug":"adapter-max-stream-ac600-mu-mimo-wi-fi-micro-usb-wusb6100m","status":"publish","type":"page","link":"https:\/\/linksys.pl\/?page_id=1341","title":{"rendered":"Adapter MAX-STREAM AC600 MU-MIMO Wi-Fi Micro USB (WUSB6100M)"},"content":{"rendered":"<p>[vc_row][vc_column][vc_gallery interval=&#8221;10&#8243; images=&#8221;1346&#8243; img_size=&#8221;800&#215;770&#8243; css=&#8221;.vc_custom_1649240882850{padding-top: 10px !important;}&#8221;][\/vc_column][\/vc_row][vc_row dfd_row_responsive_enable=&#8221;dfd-row-responsive-enable&#8221; responsive_styles=&#8221;margin_top_desktop:10|margin_bottom_desktop:10|margin_left_desktop:10|margin_right_desktop:10|border_top_desktop:10|border_bottom_desktop:10|border_left_desktop:10|border_right_desktop:10|padding_bottom_desktop:10|padding_left_desktop:10|padding_right_desktop:10|border_top_tablet:10|border_bottom_tablet:10|border_left_tablet:10|border_right_tablet:10|padding_top_tablet:10|padding_bottom_tablet:10|padding_left_tablet:10|padding_right_tablet:10|border_top_mobile:10|border_bottom_mobile:10|border_left_mobile:10|border_right_mobile:10|padding_top_mobile:10|padding_bottom_mobile:10|padding_left_mobile:10|padding_right_mobile:10&#8243;][vc_column]<div class=\"dfd-heading-shortcode\"><div class=\"dfd-heading-module-wrap  text-center style_01 dfd-heading-69f9adbb3dc6d dfd-disable-resposive-headings\" id=\"dfd-heading-69f9adbb3dc6d\" ><div class=\"inline-block\"><div class=\"dfd-heading-module\"><h5 class=\"widget-title dfd-title \" style=\"\"><\/p>\n<h1>Adapter MAX-STREAM AC600 MU-MIMO Wi-Fi Micro USB (WUSB6100M)<\/h1>\n<p>&nbsp;<\/h5><div class=\"dfd-heading-delimiter\"><\/div><\/div><\/div><\/div><script type=\"text\/javascript\">\r\n\t\t\t\t\t\t\t\t\t(function($) {\r\n\t\t\t\t\t\t\t\t\t\t$(\"head\").append(\"<style>.dfd-heading-69f9adbb3dc6d.dfd-heading-module-wrap .dfd-heading-module .dfd-heading-delimiter {border-bottom-style:solid;border-bottom-width:1px;width:100px;border-bottom-color:#dddddd;}.dfd-heading-69f9adbb3dc6d.dfd-heading-module-wrap .dfd-heading-module .dfd-heading-delimiter {margin-top:10px;margin-bottom:10px;}<\/style>\");\r\n\t\t\t\t\t\t\t\t\t})(jQuery);\r\n\t\t\t\t\t\t\t\t<\/script><\/div>[\/vc_column][\/vc_row][vc_row dfd_row_responsive_enable=&#8221;dfd-row-responsive-enable&#8221; responsive_styles=&#8221;margin_top_desktop:0|margin_bottom_desktop:0|margin_left_desktop:10|margin_right_desktop:10|border_top_desktop:0|border_bottom_desktop:0|border_left_desktop:10|border_right_desktop:10|padding_top_desktop:0|padding_bottom_desktop:0|padding_left_desktop:10|padding_right_desktop:10|border_top_tablet:0|border_bottom_tablet:0|border_left_tablet:10|border_right_tablet:10|padding_top_tablet:0|padding_bottom_tablet:0|padding_left_tablet:10|padding_right_tablet:10|border_top_mobile:10|border_bottom_mobile:10|border_left_mobile:10|border_right_mobile:10|padding_top_mobile:10|padding_bottom_mobile:10|padding_left_mobile:10|padding_right_mobile:10&#8243;][vc_column][vc_column_text]<\/p>\n<h6><strong>Zaktualizuj sw\u00f3j komputer PC lub laptop z systemem Windows do szybkiego standardu Next-Gen AC Wi-Fi, Multi-User MIMO, za pomoc\u0105 adaptera Linksys MAX-STREAM AC600 MU-MIMO Wi-Fi Micro USB (WUSB6100M). Po pod\u0142\u0105czeniu tego adaptera USB do komputera mo\u017cna udoskonali\u0107 starsz\u0105 technologi\u0119 Wi-Fi do najnowszego standardu AC Wi-Fi. MU-MIMO zapewnia wi\u0119ksz\u0105 wydajno\u015b\u0107 sieci Wi-Fi, dzi\u0119ki czemu mo\u017cna korzysta\u0107 z transmisji strumieniowych HD, gier online i surfowania jednocze\u015bnie, bez op\u00f3\u017anie\u0144 i buforowania.<\/strong><\/h6>\n<h6><strong>&nbsp;<\/strong><\/h6>\n<p>&nbsp;[\/vc_column_text][\/vc_column][\/vc_row][vc_row dfd_row_responsive_enable=&#8221;dfd-row-responsive-enable&#8221; responsive_styles=&#8221;margin_top_desktop:0|margin_bottom_desktop:0|margin_left_desktop:10|margin_right_desktop:10|border_top_desktop:0|border_bottom_desktop:0|border_left_desktop:10|border_right_desktop:10|padding_top_desktop:10|padding_bottom_desktop:0|padding_left_desktop:10|padding_right_desktop:10|border_top_tablet:0|border_bottom_tablet:0|border_left_tablet:10|border_right_tablet:10|padding_top_tablet:10|padding_bottom_tablet:0|padding_left_tablet:10|padding_right_tablet:10|border_top_mobile:0|border_bottom_mobile:0|border_left_mobile:10|border_right_mobile:10|padding_top_mobile:10|padding_bottom_mobile:0|padding_left_mobile:10|padding_right_mobile:10&#8243;][vc_column][vc_column_text]<\/p>\n<h4>ZWI\u0118KSZ WYDAJNO\u015a\u0106 KOMPUTERA Z SYSTEMEM WINDOWS DZI\u0118KI ADAPTEROWI USB MU-MIMO<\/h4>\n<p>Wiele komputer\u00f3w ma wbudowane adaptery Wi-Fi, kt\u00f3re obs\u0142uguj\u0105 tylko starsz\u0105 technologi\u0119 Wireless-N. Dzi\u0119ki technologii Next-Gen MU-MIMO ta karta USB wsp\u00f3\u0142pracuje z routerem, zapewniaj\u0105c wi\u0119ksz\u0105 szybko\u015b\u0107 sieci Wireless-AC w komputerze stacjonarnym lub laptopie z systemem Windows. W ten spos\u00f3b powstaje dedykowany strumie\u0144 Wi-Fi, idealny do ogl\u0105dania film\u00f3w HD, grania w gry i pobierania du\u017cych plik\u00f3w bez op\u00f3\u017anie\u0144 i buforowania.[\/vc_column_text]<div class=\"dfd-spacer-module\"  data-units=\"px\" data-wide_resolution=\"1280\" data-wide_size=\"25\" data-normal_resolution=\"1024\" data-normal_size=\"10\" data-tablet_resolution=\"800\" data-tablet_size=\"10\" data-mobile_resolution=\"480\" data-mobile_size=\"10\" style=\"height: 25px;\"><\/div>[\/vc_column][\/vc_row][vc_row dfd_row_responsive_enable=&#8221;dfd-row-responsive-enable&#8221; responsive_styles=&#8221;margin_top_desktop:10|margin_bottom_desktop:10|margin_left_desktop:10|margin_right_desktop:10|border_top_desktop:10|border_bottom_desktop:10|border_left_desktop:10|border_right_desktop:10|padding_top_desktop:10|padding_bottom_desktop:10|padding_left_desktop:10|padding_right_desktop:10|border_top_tablet:10|border_bottom_tablet:10|border_left_tablet:10|border_right_tablet:10|padding_top_tablet:10|padding_bottom_tablet:10|padding_left_tablet:10|padding_right_tablet:10|border_top_mobile:10|border_bottom_mobile:10|border_left_mobile:10|border_right_mobile:10|padding_top_mobile:10|padding_bottom_mobile:10|padding_left_mobile:10|padding_right_mobile:10&#8243;][vc_column][vc_column_text]<\/p>\n<h4>NIEWIELKA, PRZENO\u015aNA KONSTRUKCJA<\/h4>\n<p>Niezwykle ma\u0142e rozmiary adaptera sprawiaj\u0105, \u017ce jest on dyskretnym dodatkiem do laptopa. Dzi\u0119ki tej konstrukcji laptop jest lekki i przeno\u015bny.[\/vc_column_text]<div class=\"dfd-spacer-module\"  data-units=\"px\" data-wide_resolution=\"1280\" data-wide_size=\"23\" data-normal_resolution=\"1024\" data-normal_size=\"10\" data-tablet_resolution=\"800\" data-tablet_size=\"10\" data-mobile_resolution=\"480\" data-mobile_size=\"10\" style=\"height: 23px;\"><\/div>[\/vc_column][\/vc_row][vc_row dfd_row_responsive_enable=&#8221;dfd-row-responsive-enable&#8221; responsive_styles=&#8221;margin_top_desktop:10|margin_bottom_desktop:10|margin_left_desktop:10|margin_right_desktop:10|border_top_desktop:10|border_bottom_desktop:10|border_left_desktop:10|border_right_desktop:10|padding_top_desktop:10|padding_bottom_desktop:10|padding_left_desktop:10|padding_right_desktop:10|border_top_tablet:10|border_bottom_tablet:10|border_left_tablet:10|border_right_tablet:10|padding_top_tablet:10|padding_bottom_tablet:10|padding_left_tablet:10|padding_right_tablet:10|border_top_mobile:10|border_bottom_mobile:10|border_left_mobile:10|border_right_mobile:10|padding_top_mobile:10|padding_bottom_mobile:10|padding_left_mobile:10|padding_right_mobile:10&#8243;][vc_column][vc_column_text]<\/p>\n<h4>ZGODNO\u015a\u0106 Z WSZYSTKIMI ROUTERAMI WI-FI<\/h4>\n<p>Adapter AC600 Wi-Fi Micro USB wsp\u00f3\u0142pracuje ze wszystkimi routerami Wi-Fi, w tym z routerami posiadanymi przez Ciebie oraz routerami dostawc\u00f3w us\u0142ug internetowych. Aby uzyska\u0107 optymaln\u0105 wydajno\u015b\u0107, adapter USB nale\u017cy po\u0142\u0105czy\u0107 z routerem MU-MIMO.[\/vc_column_text]<div class=\"dfd-spacer-module\"  data-units=\"px\" data-wide_resolution=\"1280\" data-wide_size=\"25\" data-normal_resolution=\"1024\" data-normal_size=\"10\" data-tablet_resolution=\"800\" data-tablet_size=\"10\" data-mobile_resolution=\"480\" data-mobile_size=\"10\" style=\"height: 25px;\"><\/div>[\/vc_column][\/vc_row][vc_row dfd_row_responsive_enable=&#8221;dfd-row-responsive-enable&#8221; responsive_styles=&#8221;margin_top_desktop:10|margin_bottom_desktop:10|margin_left_desktop:10|margin_right_desktop:25|border_top_desktop:10|border_bottom_desktop:10|border_left_desktop:10|border_right_desktop:25|padding_top_desktop:10|padding_bottom_desktop:10|padding_left_desktop:10|padding_right_desktop:25|margin_left_tablet:0|border_top_tablet:10|border_bottom_tablet:10|border_left_tablet:10|border_right_tablet:10|padding_top_tablet:10|padding_bottom_tablet:10|padding_left_tablet:10|padding_right_tablet:10|margin_left_mobile:0|border_top_mobile:10|border_bottom_mobile:10|border_left_mobile:10|border_right_mobile:10|padding_top_mobile:10|padding_bottom_mobile:10|padding_left_mobile:10|padding_right_mobile:10&#8243;][vc_column width=&#8221;1\/2&#8243;][vc_column_text]<\/p>\n<h4>\u0141ATWA OBS\u0141UGA PLUG-AND-PLAY<\/h4>\n<p>Adapter Linksys MAX-STREAM AC600 Wi-Fi Micro USB jest \u0142atwy do skonfigurowania. Wystarczy pod\u0142\u0105czy\u0107 adapter do portu USB w komputerze, a komputer automatycznie pobierze sterownik z serwera Microsoft Windows. Istnieje r\u00f3wnie\u017c mo\u017cliwo\u015b\u0107 zainstalowania sterownika z do\u0142\u0105czonej p\u0142yty CD.[\/vc_column_text]<div class=\"dfd-spacer-module\"  data-units=\"px\" data-wide_resolution=\"1280\" data-wide_size=\"25\" data-normal_resolution=\"1024\" data-normal_size=\"10\" data-tablet_resolution=\"800\" data-tablet_size=\"10\" data-mobile_resolution=\"480\" data-mobile_size=\"10\" style=\"height: 25px;\"><\/div>[vc_column_text]<\/p>\n<h4>PODW\u00d3JNE PASMA DLA LEPSZEGO ZASI\u0118GU<\/h4>\n<p>Ten adapter Wireless-AC USB posiada dwa pasma zapewniaj\u0105ce pr\u0119dko\u015b\u0107 do AC433 Mb\/s w pa\u015bmie 5 GHz i N150 Mb\/s w pa\u015bmie 2,4 GHz. Mo\u017ce dzia\u0142a\u0107 na obu pasmach, co pozwala unikn\u0105\u0107 zak\u0142\u00f3ce\u0144, a u\u017cytkownik mo\u017ce wybra\u0107, czy nowsze urz\u0105dzenia Wireless-AC maj\u0105 pracowa\u0107 na szybszym pa\u015bmie 5 GHz, a starsze urz\u0105dzenia Wireless-N i -G na pa\u015bmie 2,4 GHz.[\/vc_column_text]<div class=\"dfd-spacer-module\"  data-units=\"px\" data-wide_resolution=\"1280\" data-wide_size=\"25\" data-normal_resolution=\"1024\" data-normal_size=\"10\" data-tablet_resolution=\"800\" data-tablet_size=\"10\" data-mobile_resolution=\"480\" data-mobile_size=\"10\" style=\"height: 25px;\"><\/div>[vc_column_text]<\/p>\n<h4>TECHNOLOGIA BEAMFORMING KIERUJE SIE\u0106 WI-FI BEZPO\u015aREDNIO NA KOMPUTER<\/h4>\n<p>Technologia Beamforming zwi\u0119ksza wydajno\u015b\u0107 laptopa PC dzi\u0119ki zaawansowanej szybko\u015bci, zasi\u0119gowi i niezawodno\u015bci, dzi\u0119ki czemu mo\u017cna gra\u0107 w gry, s\u0142ucha\u0107 muzyki, sprawdza\u0107 poczt\u0119 e-mail, robi\u0107 zakupy, przesy\u0142a\u0107 strumieniowo filmy i nie tylko &#8211; bez obawy o zanik sygna\u0142u.[\/vc_column_text][\/vc_column][vc_column width=&#8221;1\/2&#8243;][vc_single_image image=&#8221;1351&#8243; img_size=&#8221;large&#8221; css=&#8221;.vc_custom_1649242679898{margin-left: 0px !important;border-left-width: 0px !important;padding-top: 20px !important;padding-right: 20px !important;padding-bottom: 20px !important;padding-left: 20px !important;}&#8221;][\/vc_column][\/vc_row][vc_row dfd_row_responsive_enable=&#8221;dfd-row-responsive-enable&#8221; responsive_styles=&#8221;margin_top_desktop:10|margin_bottom_desktop:10|margin_left_desktop:10|margin_right_desktop:10|border_top_desktop:10|border_bottom_desktop:10|border_left_desktop:10|border_right_desktop:10|padding_top_desktop:10|padding_bottom_desktop:10|padding_left_desktop:10|padding_right_desktop:10|margin_top_tablet:0|margin_bottom_tablet:0|margin_left_tablet:0|margin_right_tablet:0|border_top_tablet:10|border_bottom_tablet:10|border_left_tablet:10|border_right_tablet:10|padding_top_tablet:10|padding_bottom_tablet:10|padding_left_tablet:10|padding_right_tablet:10|margin_top_mobile:0|border_top_mobile:10|border_bottom_mobile:10|border_left_mobile:10|border_right_mobile:10|padding_top_mobile:10|padding_bottom_mobile:10|padding_left_mobile:10|padding_right_mobile:10&#8243;][vc_column][vc_column_text]<\/p>\n<h4>WYMAGANIA SYSTEMOWE<\/h4>\n<p>Do po\u0142\u0105czenia z Internetem wymagane jest aktywne konto szerokopasmowe wykupione przez klienta u dostawcy us\u0142ug internetowych. Ten produkt wymaga komputera z nap\u0119dem CD lub DVD z systemem Windows 7, Windows 8.1 lub Windows 10 i dost\u0119pnym portem USB 2.0 lub 3.0[\/vc_column_text]<div class=\"dfd-spacer-module\"  data-units=\"px\" data-wide_resolution=\"1280\" data-wide_size=\"25\" data-normal_resolution=\"1024\" data-normal_size=\"10\" data-tablet_resolution=\"800\" data-tablet_size=\"10\" data-mobile_resolution=\"480\" data-mobile_size=\"10\" style=\"height: 25px;\"><\/div>[vc_column_text]<\/p>\n<h4>ZAWARTO\u015a\u0106 OPAKOWANIA:<\/h4>\n<p>Adapter Linksys MAX-STREAM AC600 MU-MIMO Wi-Fi Micro USB (WUSB6100M) i skr\u00f3cona instrukcja obs\u0142ugi.[\/vc_column_text]<div class=\"dfd-spacer-module\"  data-units=\"px\" data-wide_resolution=\"1280\" data-wide_size=\"25\" data-normal_resolution=\"1024\" data-normal_size=\"10\" data-tablet_resolution=\"800\" data-tablet_size=\"10\" data-mobile_resolution=\"480\" data-mobile_size=\"10\" style=\"height: 25px;\"><\/div>[\/vc_column][\/vc_row][vc_row dfd_row_responsive_enable=&#8221;dfd-row-responsive-enable&#8221; responsive_styles=&#8221;margin_top_desktop:10|margin_bottom_desktop:10|margin_left_desktop:10|margin_right_desktop:10|border_top_desktop:10|border_bottom_desktop:10|border_left_desktop:10|border_right_desktop:10|padding_top_desktop:10|padding_bottom_desktop:10|padding_left_desktop:10|padding_right_desktop:10|border_top_tablet:10|border_bottom_tablet:10|border_left_tablet:10|border_right_tablet:10|padding_top_tablet:10|padding_bottom_tablet:10|padding_left_tablet:10|padding_right_tablet:10|border_top_mobile:10|border_bottom_mobile:10|border_left_mobile:10|border_right_mobile:10|padding_top_mobile:10|padding_bottom_mobile:10|padding_left_mobile:10|padding_right_mobile:10&#8243;][vc_column][vc_row_inner][vc_column_inner][\/vc_column_inner][\/vc_row_inner]<div class=\"dfd-spacer-module\"  data-units=\"px\" data-wide_resolution=\"1280\" data-wide_size=\"15\" data-normal_resolution=\"1024\" data-normal_size=\"\" data-tablet_resolution=\"800\" data-tablet_size=\"\" data-mobile_resolution=\"480\" data-mobile_size=\"\" style=\"height: 15px;\"><\/div>[\/vc_column][\/vc_row][vc_row dfd_row_responsive_enable=&#8221;dfd-row-responsive-enable&#8221; responsive_styles=&#8221;margin_top_desktop:10|margin_bottom_desktop:10|margin_left_desktop:10|margin_right_desktop:10|border_top_desktop:10|border_bottom_desktop:10|border_left_desktop:10|border_right_desktop:10|padding_top_desktop:10|padding_bottom_desktop:10|padding_left_desktop:10|padding_right_desktop:10|border_top_tablet:10|border_bottom_tablet:10|border_left_tablet:10|border_right_tablet:10|padding_top_tablet:10|padding_bottom_tablet:10|padding_left_tablet:10|padding_right_tablet:10|border_top_mobile:10|border_bottom_mobile:10|border_left_mobile:10|border_right_mobile:10|padding_top_mobile:10|padding_bottom_mobile:10|padding_left_mobile:10|padding_right_mobile:10&#8243;][vc_column]<div class=\"dfd-heading-shortcode\"><div class=\"dfd-heading-module-wrap  text-center style_01 dfd-heading-69f9adbb3de2d dfd-disable-resposive-headings\" id=\"dfd-heading-69f9adbb3de2d\" ><div class=\"inline-block\"><div class=\"dfd-heading-module\"><h5 class=\"widget-title dfd-title \" style=\"\"><\/p>\n<h2>Dane techniczne<\/h2>\n<p><\/h5><div class=\"dfd-heading-delimiter\"><\/div><\/div><\/div><\/div><script type=\"text\/javascript\">\r\n\t\t\t\t\t\t\t\t\t(function($) {\r\n\t\t\t\t\t\t\t\t\t\t$(\"head\").append(\"<style>.dfd-heading-69f9adbb3de2d.dfd-heading-module-wrap .dfd-heading-module .dfd-heading-delimiter {border-bottom-style:solid;border-bottom-width:1px;width:100px;border-bottom-color:#dddddd;}.dfd-heading-69f9adbb3de2d.dfd-heading-module-wrap .dfd-heading-module .dfd-heading-delimiter {margin-top:10px;margin-bottom:10px;}<\/style>\");\r\n\t\t\t\t\t\t\t\t\t})(jQuery);\r\n\t\t\t\t\t\t\t\t<\/script><\/div><div class=\"dfd-spacer-module\"  data-units=\"px\" data-wide_resolution=\"1280\" data-wide_size=\"15\" data-normal_resolution=\"1024\" data-normal_size=\"\" data-tablet_resolution=\"800\" data-tablet_size=\"\" data-mobile_resolution=\"480\" data-mobile_size=\"\" style=\"height: 15px;\"><\/div>[\/vc_column][\/vc_row][vc_row dfd_row_responsive_enable=&#8221;dfd-row-responsive-enable&#8221; responsive_styles=&#8221;margin_top_desktop:10|margin_bottom_desktop:10|margin_left_desktop:10|margin_right_desktop:10|border_top_desktop:10|border_bottom_desktop:10|border_left_desktop:10|border_right_desktop:10|padding_top_desktop:10|padding_bottom_desktop:10|padding_left_desktop:10|padding_right_desktop:10|border_top_tablet:10|border_bottom_tablet:10|border_left_tablet:10|border_right_tablet:10|padding_top_tablet:10|padding_bottom_tablet:10|padding_left_tablet:10|padding_right_tablet:10|border_top_mobile:10|border_bottom_mobile:10|border_left_mobile:10|border_right_mobile:10|padding_top_mobile:10|padding_bottom_mobile:10|padding_left_mobile:10|padding_right_mobile:10&#8243;][vc_column][vc_column_text]<strong>Spektrum dzia\u0142ania sieci bezprzewodowej:<\/strong><\/p>\n<ul>\n<li>Jednoczesne podw\u00f3jne pasmo 2,4 GHz i 5,33 GHz<\/li>\n<li>Technologia Wireless-AC zapewniaj\u0105ca wydajn\u0105 \u0142\u0105czno\u015b\u0107 sieciow\u0105<\/li>\n<\/ul>\n<hr>\n<p><strong>Pod\u015bwietlenie LED:<\/strong><\/p>\n<p>Zasilanie<\/p>\n<hr>\n<p><strong>Wyj\u015bcie EIRP:<\/strong><\/p>\n<ul>\n<li>2,4 GHz: 18,62dBm<\/li>\n<li>5GHz: 22,79dBm<\/li>\n<\/ul>\n<hr>\n<p><strong>Cz\u0119stotliwo\u015bci pracy:<\/strong><\/p>\n<p>2412-2472, 5150-5250 &amp; 5470 &#8211; 5725MHz<\/p>\n<hr>\n<p><strong>Typ anteny:<\/strong><\/p>\n<p>Antena metalowa<\/p>\n<hr>\n<p><strong>Wzmocnienie anteny:<\/strong><\/p>\n<ul>\n<li>2,4GHz: 2,52dBi<\/li>\n<li>5150-5250Mhz: 2,38dBi, 5470-<\/li>\n<li>5725MHz: 2,44dBi<\/li>\n<\/ul>\n<hr>\n<p><strong>Wymiary: <\/strong><\/p>\n<ul>\n<li>Waga produktu (kg.): 0,006<\/li>\n<li>G\u0142\u0119boko\u015b\u0107 produktu (cm): 1,19<\/li>\n<li>Szeroko\u015b\u0107 produktu (cm): 0.43<\/li>\n<li>Wysoko\u015b\u0107 produktu (cm): 4.06<\/li>\n<\/ul>\n<p>&nbsp;<\/p>\n<ul>\n<li>Waga urz\u0105dzenia (kg): 0.08<\/li>\n<li>G\u0142\u0119boko\u015b\u0107 urz\u0105dzenia (cm): 5,23<\/li>\n<li>Szeroko\u015b\u0107 urz\u0105dzenia (cm): 13,82<\/li>\n<li>Wysoko\u015b\u0107 urz\u0105dzenia (cm): 15,57<\/li>\n<\/ul>\n<p>&nbsp;<\/p>\n<ul>\n<li>Ilo\u015b\u0107 w opakowaniu zbiorczym (*PL): 4<\/li>\n<li>Waga opakowania (kg) (*PL): 0,32<\/li>\n<li>G\u0142\u0119boko\u015b\u0107 opakowania (cm) (*PL): 16,79<\/li>\n<li>Szeroko\u015b\u0107 opakowania (cm) (*PL): 16.99<\/li>\n<li>Wysoko\u015b\u0107 opakowania (cm) (*PL): 23.19<\/li>\n<\/ul>\n<p>&nbsp;[\/vc_column_text][\/vc_column][\/vc_row][vc_row][vc_column][vc_row_inner][vc_column_inner][\/vc_column_inner][\/vc_row_inner][\/vc_column][\/vc_row]<\/p>\n","protected":false},"excerpt":{"rendered":"<p>[vc_row][vc_column][vc_gallery interval=&#8221;10&#8243; images=&#8221;1346&#8243; img_size=&#8221;800&#215;770&#8243; css=&#8221;.vc_custom_1649240882850{padding-top: 10px !important;}&#8221;][\/vc_column][\/vc_row][vc_row dfd_row_responsive_enable=&#8221;dfd-row-responsive-enable&#8221; responsive_styles=&#8221;margin_top_desktop:10|margin_bottom_desktop:10|margin_left_desktop:10|margin_right_desktop:10|border_top_desktop:10|border_bottom_desktop:10|border_left_desktop:10|border_right_desktop:10|padding_bottom_desktop:10|padding_left_desktop:10|padding_right_desktop:10|border_top_tablet:10|border_bottom_tablet:10|border_left_tablet:10|border_right_tablet:10|padding_top_tablet:10|padding_bottom_tablet:10|padding_left_tablet:10|padding_right_tablet:10|border_top_mobile:10|border_bottom_mobile:10|border_left_mobile:10|border_right_mobile:10|padding_top_mobile:10|padding_bottom_mobile:10|padding_left_mobile:10|padding_right_mobile:10&#8243;][vc_column][\/vc_column][\/vc_row][vc_row dfd_row_responsive_enable=&#8221;dfd-row-responsive-enable&#8221; responsive_styles=&#8221;margin_top_desktop:0|margin_bottom_desktop:0|margin_left_desktop:10|margin_right_desktop:10|border_top_desktop:0|border_bottom_desktop:0|border_left_desktop:10|border_right_desktop:10|padding_top_desktop:0|padding_bottom_desktop:0|padding_left_desktop:10|padding_right_desktop:10|border_top_tablet:0|border_bottom_tablet:0|border_left_tablet:10|border_right_tablet:10|padding_top_tablet:0|padding_bottom_tablet:0|padding_left_tablet:10|padding_right_tablet:10|border_top_mobile:10|border_bottom_mobile:10|border_left_mobile:10|border_right_mobile:10|padding_top_mobile:10|padding_bottom_mobile:10|padding_left_mobile:10|padding_right_mobile:10&#8243;][vc_column][vc_column_text] Zaktualizuj sw\u00f3j komputer PC lub laptop z systemem Windows do szybkiego standardu Next-Gen AC Wi-Fi, Multi-User MIMO, za pomoc\u0105<\/p>\n","protected":false},"author":5,"featured_media":0,"parent":4,"menu_order":0,"comment_status":"closed","ping_status":"closed","template":"","meta":[],"_links":{"self":[{"href":"https:\/\/linksys.pl\/index.php?rest_route=\/wp\/v2\/pages\/1341"}],"collection":[{"href":"https:\/\/linksys.pl\/index.php?rest_route=\/wp\/v2\/pages"}],"about":[{"href":"https:\/\/linksys.pl\/index.php?rest_route=\/wp\/v2\/types\/page"}],"author":[{"embeddable":true,"href":"https:\/\/linksys.pl\/index.php?rest_route=\/wp\/v2\/users\/5"}],"replies":[{"embeddable":true,"href":"https:\/\/linksys.pl\/index.php?rest_route=%2Fwp%2Fv2%2Fcomments&post=1341"}],"version-history":[{"count":11,"href":"https:\/\/linksys.pl\/index.php?rest_route=\/wp\/v2\/pages\/1341\/revisions"}],"predecessor-version":[{"id":1363,"href":"https:\/\/linksys.pl\/index.php?rest_route=\/wp\/v2\/pages\/1341\/revisions\/1363"}],"up":[{"embeddable":true,"href":"https:\/\/linksys.pl\/index.php?rest_route=\/wp\/v2\/pages\/4"}],"wp:attachment":[{"href":"https:\/\/linksys.pl\/index.php?rest_route=%2Fwp%2Fv2%2Fmedia&parent=1341"}],"curies":[{"name":"wp","href":"https:\/\/api.w.org\/{rel}","templated":true}]}}