{"id":1289,"date":"2022-04-05T14:56:41","date_gmt":"2022-04-05T12:56:41","guid":{"rendered":"https:\/\/linksys.pl\/?page_id=1289"},"modified":"2022-04-05T15:36:10","modified_gmt":"2022-04-05T13:36:10","slug":"24-portowy-gigabitowy-przelacznik-biurkowy-dla-firm-lgs124","status":"publish","type":"page","link":"https:\/\/linksys.pl\/?page_id=1289","title":{"rendered":"24-portowy gigabitowy prze\u0142\u0105cznik biurkowy dla firm (LGS124)"},"content":{"rendered":"<p>[vc_row][vc_column][vc_column_text]<\/p>\n<div>\n<p>[\/vc_column_text][\/vc_column][\/vc_row][vc_row][vc_column][vc_gallery interval=&#8221;10&#8243; images=&#8221;1292,1293,1294,1295,1296,1297,1298&#8243; img_size=&#8221;full&#8221; css=&#8221;.vc_custom_1649163555880{padding-top: 10px !important;}&#8221;][\/vc_column][\/vc_row][vc_row dfd_row_responsive_enable=&#8221;dfd-row-responsive-enable&#8221; responsive_styles=&#8221;margin_top_desktop:10|margin_bottom_desktop:10|margin_left_desktop:10|margin_right_desktop:10|border_top_desktop:10|border_bottom_desktop:10|border_left_desktop:10|border_right_desktop:10|padding_bottom_desktop:10|padding_left_desktop:10|padding_right_desktop:10|border_top_tablet:10|border_bottom_tablet:10|border_left_tablet:10|border_right_tablet:10|padding_top_tablet:10|padding_bottom_tablet:10|padding_left_tablet:10|padding_right_tablet:10|border_top_mobile:10|border_bottom_mobile:10|border_left_mobile:10|border_right_mobile:10|padding_top_mobile:10|padding_bottom_mobile:10|padding_left_mobile:10|padding_right_mobile:10&#8243;][vc_column]<div class=\"dfd-heading-shortcode\"><div class=\"dfd-heading-module-wrap  text-center style_01 dfd-heading-69ffc6efad749 dfd-disable-resposive-headings\" id=\"dfd-heading-69ffc6efad749\" ><div class=\"inline-block\"><div class=\"dfd-heading-module\"><h5 class=\"widget-title dfd-title \" style=\"\"><\/p>\n<h1>24-portowy gigabitowy prze\u0142\u0105cznik biurkowy dla firm (LGS124)<\/h1>\n<p><\/h5><div class=\"dfd-heading-delimiter\"><\/div><\/div><\/div><\/div><script type=\"text\/javascript\">\r\n\t\t\t\t\t\t\t\t\t(function($) {\r\n\t\t\t\t\t\t\t\t\t\t$(\"head\").append(\"<style>.dfd-heading-69ffc6efad749.dfd-heading-module-wrap .dfd-heading-module .dfd-heading-delimiter {border-bottom-style:solid;border-bottom-width:1px;width:100px;border-bottom-color:#dddddd;}.dfd-heading-69ffc6efad749.dfd-heading-module-wrap .dfd-heading-module .dfd-heading-delimiter {margin-top:10px;margin-bottom:10px;}<\/style>\");\r\n\t\t\t\t\t\t\t\t\t})(jQuery);\r\n\t\t\t\t\t\t\t\t<\/script><\/div>[\/vc_column][\/vc_row][vc_row dfd_row_responsive_enable=&#8221;dfd-row-responsive-enable&#8221; responsive_styles=&#8221;margin_top_desktop:0|margin_bottom_desktop:0|margin_left_desktop:10|margin_right_desktop:10|border_top_desktop:0|border_bottom_desktop:0|border_left_desktop:10|border_right_desktop:10|padding_top_desktop:0|padding_bottom_desktop:0|padding_left_desktop:10|padding_right_desktop:10|border_top_tablet:0|border_bottom_tablet:0|border_left_tablet:10|border_right_tablet:10|padding_top_tablet:0|padding_bottom_tablet:0|padding_left_tablet:10|padding_right_tablet:10|border_top_mobile:10|border_bottom_mobile:10|border_left_mobile:10|border_right_mobile:10|padding_top_mobile:10|padding_bottom_mobile:10|padding_left_mobile:10|padding_right_mobile:10&#8243;][vc_column][vc_column_text]<\/p>\n<h6><strong>24-portowy biurkowy prze\u0142\u0105cznik gigabitowy Linksys LGS124 zwi\u0119ksza wydajno\u015b\u0107 lokalnej sieci przewodowej. Ten niezarz\u0105dzalny prze\u0142\u0105cznik, oferuj\u0105cy 24 porty gigabitowe Ethernet z automatycznym wykrywaniem b\u0142\u0119d\u00f3w i szybko\u015bci\u0105 do 1000 Mb\/s, pozwala ma\u0142ej firmie rozszerzy\u0107 sie\u0107 lokaln\u0105 i przesy\u0142a\u0107 du\u017ce pliki do serwer\u00f3w, dysk\u00f3w i drukarek z szybko\u015bci\u0105 gigabitow\u0105. Dzi\u0119ki wygodnemu rozwi\u0105zaniu plug-and-play oraz portom z automatycznym wykrywaniem, kt\u00f3re automatycznie optymalizuj\u0105 pr\u0119dko\u015b\u0107 dla ka\u017cdego pod\u0142\u0105czonego urz\u0105dzenia, prze\u0142\u0105cznik Linksys LGS124 Gigabit stanowi szybkie i \u0142atwe rozwi\u0105zanie do rozbudowy sieci biurowej.<\/strong><\/h6>\n<h6><strong>\u00a0<\/strong><\/h6>\n<h6><strong>\u00a0<\/strong><\/h6>\n<h6><\/h6>\n<p>[\/vc_column_text][\/vc_column][\/vc_row][vc_row][vc_column]<div class=\"dfd-spacer-module\"  data-units=\"px\" data-wide_resolution=\"1280\" data-wide_size=\"15\" data-normal_resolution=\"1024\" data-normal_size=\"\" data-tablet_resolution=\"800\" data-tablet_size=\"\" data-mobile_resolution=\"480\" data-mobile_size=\"\" style=\"height: 15px;\"><\/div>[\/vc_column][\/vc_row][vc_row dfd_row_responsive_enable=&#8221;dfd-row-responsive-enable&#8221; responsive_styles=&#8221;margin_top_desktop:0|margin_bottom_desktop:0|margin_left_desktop:10|margin_right_desktop:10|border_top_desktop:0|border_bottom_desktop:0|border_left_desktop:10|border_right_desktop:10|padding_top_desktop:10|padding_bottom_desktop:0|padding_left_desktop:10|padding_right_desktop:10|border_top_tablet:0|border_bottom_tablet:0|border_left_tablet:10|border_right_tablet:10|padding_top_tablet:10|padding_bottom_tablet:0|padding_left_tablet:10|padding_right_tablet:10|border_top_mobile:0|border_bottom_mobile:0|border_left_mobile:10|border_right_mobile:10|padding_top_mobile:10|padding_bottom_mobile:0|padding_left_mobile:10|padding_right_mobile:10&#8243;][vc_column][vc_column_text]<\/p>\n<h4>GIGABITOWE PR\u0118DKO\u015aCI TRANSFERU DLA MAKSYMALNEJ WYDAJNO\u015aCI<\/h4>\n<p>Oferuj\u0105c pr\u0119dko\u015b\u0107 po\u0142\u0105czenia przewodowego do 1000 Mb\/s, 24-portowy prze\u0142\u0105cznik Gigabit Linksys LGS124 mo\u017ce zmieni\u0107 lokaln\u0105 sie\u0107 przewodow\u0105 w superszybk\u0105 autostrad\u0119 informacyjn\u0105. Szesna\u015bcie port\u00f3w Gigabit Ethernet z automatycznym wykrywaniem b\u0142\u0119d\u00f3w minimalizuje czas przesy\u0142ania du\u017cych plik\u00f3w do pod\u0142\u0105czonych urz\u0105dze\u0144 sieciowych, takich jak komputery, serwery i dyski, a tak\u017ce znacznie zwi\u0119ksza mo\u017cliwo\u015bci przesy\u0142ania plik\u00f3w o wysokiej przepustowo\u015bci do pod\u0142\u0105czonych urz\u0105dze\u0144 bez op\u00f3\u017anie\u0144 i zak\u0142\u00f3ce\u0144. Prze\u0142\u0105cznik Linksys LGS124 Gigabit Switch zosta\u0142 zaprojektowany tak, aby regulowa\u0107 pr\u0119dko\u015b\u0107 port\u00f3w i maksymalizowa\u0107 przepustowo\u015b\u0107 w zale\u017cno\u015bci od mo\u017cliwo\u015bci urz\u0105dzenia klienckiego.[\/vc_column_text][\/vc_column][\/vc_row][vc_row][vc_column]<div class=\"dfd-spacer-module\"  data-units=\"px\" data-wide_resolution=\"1280\" data-wide_size=\"15\" data-normal_resolution=\"1024\" data-normal_size=\"\" data-tablet_resolution=\"800\" data-tablet_size=\"\" data-mobile_resolution=\"480\" data-mobile_size=\"\" style=\"height: 15px;\"><\/div>[\/vc_column][\/vc_row][vc_row dfd_row_responsive_enable=&#8221;dfd-row-responsive-enable&#8221; responsive_styles=&#8221;margin_top_desktop:10|margin_bottom_desktop:10|margin_left_desktop:10|margin_right_desktop:10|border_top_desktop:10|border_bottom_desktop:10|border_left_desktop:10|border_right_desktop:10|padding_top_desktop:10|padding_bottom_desktop:10|padding_left_desktop:10|padding_right_desktop:10|border_top_tablet:10|border_bottom_tablet:10|border_left_tablet:10|border_right_tablet:10|padding_top_tablet:10|padding_bottom_tablet:10|padding_left_tablet:10|padding_right_tablet:10|border_top_mobile:10|border_bottom_mobile:10|border_left_mobile:10|border_right_mobile:10|padding_top_mobile:10|padding_bottom_mobile:10|padding_left_mobile:10|padding_right_mobile:10&#8243;][vc_column][vc_column_text]<\/p>\n<h4>WYGODA PLUG-AND-PLAY<\/h4>\n<p>Rozszerz swoj\u0105 sie\u0107 biurow\u0105 niemal natychmiast, dzi\u0119ki szybkiej i bezproblemowej instalacji. Dzi\u0119ki funkcji Plug-and-Play konfiguracja niezarz\u0105dzanego prze\u0142\u0105cznika jest tak prosta, jak pod\u0142\u0105czenie go do gniazdka i pod\u0142\u0105czenie urz\u0105dze\u0144 sieciowych za pomoc\u0105 kabli Ethernet. Porty z automatycznym dopasowaniem w 24-portowym prze\u0142\u0105czniku Linksys LGS124 automatycznie optymalizuj\u0105 pr\u0119dko\u015b\u0107 dla ka\u017cdego pod\u0142\u0105czonego urz\u0105dzenia, dzi\u0119ki czemu nie trzeba konfigurowa\u0107 ustawie\u0144, aby uzyska\u0107 optymaln\u0105 wydajno\u015b\u0107. Prze\u0142\u0105cznik jest dostarczany z zestawem u\u0142atwiaj\u0105cym monta\u017c na \u015bcianie.[\/vc_column_text][vc_row_inner][vc_column_inner][\/vc_column_inner][\/vc_row_inner]<div class=\"dfd-spacer-module\"  data-units=\"px\" data-wide_resolution=\"1280\" data-wide_size=\"15\" data-normal_resolution=\"1024\" data-normal_size=\"\" data-tablet_resolution=\"800\" data-tablet_size=\"\" data-mobile_resolution=\"480\" data-mobile_size=\"\" style=\"height: 15px;\"><\/div>[\/vc_column][\/vc_row][vc_row dfd_row_responsive_enable=&#8221;dfd-row-responsive-enable&#8221; responsive_styles=&#8221;margin_top_desktop:10|margin_bottom_desktop:10|margin_left_desktop:10|margin_right_desktop:10|border_top_desktop:10|border_bottom_desktop:10|border_left_desktop:10|border_right_desktop:10|padding_top_desktop:10|padding_bottom_desktop:10|padding_left_desktop:10|padding_right_desktop:10|border_top_tablet:10|border_bottom_tablet:10|border_left_tablet:10|border_right_tablet:10|padding_top_tablet:10|padding_bottom_tablet:10|padding_left_tablet:10|padding_right_tablet:10|border_top_mobile:10|border_bottom_mobile:10|border_left_mobile:10|border_right_mobile:10|padding_top_mobile:10|padding_bottom_mobile:10|padding_left_mobile:10|padding_right_mobile:10&#8243;][vc_column][vc_column_text]<\/p>\n<h4>FUNKCJE OSZCZ\u0118DZANIA ENERGII<\/h4>\n<p>Prze\u0142\u0105cznik Linksys LGS124 Gigabit oferuje wiele funkcji oszcz\u0119dzania energii i spe\u0142nia wymagania standardu EEE (Energy Efficient Ethernet) 802.3az, co zapewnia zar\u00f3wno wysok\u0105 wydajno\u015b\u0107, jak i efektywno\u015b\u0107. Nieu\u017cywane porty s\u0105 automatycznie wy\u0142\u0105czane i zasilane, gdy nie s\u0105 u\u017cywane, natomiast tryb u\u015bpienia minimalizuje zu\u017cycie energii, gdy ca\u0142y prze\u0142\u0105cznik jest u\u015bpiony. Prze\u0142\u0105cznik LGS124 posiada r\u00f3wnie\u017c prze\u0142\u0105cznik stanu portu, umo\u017cliwiaj\u0105cy sterowanie diodami LED, a tak\u017ce wykorzystuje technologi\u0119 Smart Power w przypadku kr\u00f3tkich tras kablowych.[\/vc_column_text][\/vc_column][\/vc_row][vc_row][vc_column]<div class=\"dfd-spacer-module\"  data-units=\"px\" data-wide_resolution=\"1280\" data-wide_size=\"15\" data-normal_resolution=\"1024\" data-normal_size=\"\" data-tablet_resolution=\"800\" data-tablet_size=\"\" data-mobile_resolution=\"480\" data-mobile_size=\"\" style=\"height: 15px;\"><\/div>[\/vc_column][\/vc_row][vc_row dfd_row_responsive_enable=&#8221;dfd-row-responsive-enable&#8221; responsive_styles=&#8221;margin_top_desktop:10|margin_bottom_desktop:10|margin_left_desktop:10|margin_right_desktop:10|border_top_desktop:10|border_bottom_desktop:10|border_left_desktop:10|border_right_desktop:10|padding_top_desktop:10|padding_bottom_desktop:10|padding_left_desktop:10|padding_right_desktop:10|border_top_tablet:10|border_bottom_tablet:10|border_left_tablet:10|border_right_tablet:10|padding_top_tablet:10|padding_bottom_tablet:10|padding_left_tablet:10|padding_right_tablet:10|border_top_mobile:10|border_bottom_mobile:10|border_left_mobile:10|border_right_mobile:10|padding_top_mobile:10|padding_bottom_mobile:10|padding_left_mobile:10|padding_right_mobile:10&#8243;][vc_column][vc_column_text]<\/p>\n<h4>PRIORYTETYZACJA RUCHU W RAMACH US\u0141UGI QUALITY OF SERVICE<\/h4>\n<p>Priorytetyzacja ruchu QoS (Quality of Service) jest niezb\u0119dna do zapewnienia sp\u00f3jnej i niezawodnej komunikacji w sieci, dzi\u0119ki czemu najwa\u017cniejsze dla firmy dane zawsze otrzymuj\u0105 najwy\u017cszy priorytet. Prze\u0142\u0105cznik Linksys LGS124 24-Port Business Desktop Gigabit Switch oferuje wiele funkcji QoS, kt\u00f3re zapewniaj\u0105, \u017ce ruch sieciowy jest odpowiednio priorytetowany, aby zapewni\u0107 najlepsze mo\u017cliwe wra\u017cenia u\u017cytkownikom aplikacji dzia\u0142aj\u0105cych w czasie rzeczywistym. Na przyk\u0142ad, je\u015bli priorytetem jest \u0142\u0105czno\u015b\u0107 telefoniczna IP i wideokonferencje, mo\u017cna nada\u0107 im pierwsze\u0144stwo przed dzia\u0142aniami wymagaj\u0105cymi du\u017cej przepustowo\u015bci, takimi jak wysy\u0142anie i pobieranie du\u017cych plik\u00f3w graficznych i wideo.[\/vc_column_text]<div class=\"dfd-spacer-module\"  data-units=\"px\" data-wide_resolution=\"1280\" data-wide_size=\"15\" data-normal_resolution=\"1024\" data-normal_size=\"\" data-tablet_resolution=\"800\" data-tablet_size=\"\" data-mobile_resolution=\"480\" data-mobile_size=\"\" style=\"height: 15px;\"><\/div>[\/vc_column][\/vc_row][vc_row][vc_column][\/vc_column][\/vc_row][vc_row dfd_row_responsive_enable=&#8221;dfd-row-responsive-enable&#8221; responsive_styles=&#8221;margin_top_desktop:10|margin_bottom_desktop:10|margin_left_desktop:10|margin_right_desktop:10|border_top_desktop:10|border_bottom_desktop:10|border_left_desktop:10|border_right_desktop:10|padding_top_desktop:10|padding_bottom_desktop:10|padding_left_desktop:10|padding_right_desktop:10|margin_top_tablet:0|margin_bottom_tablet:0|margin_left_tablet:0|margin_right_tablet:0|border_top_tablet:10|border_bottom_tablet:10|border_left_tablet:10|border_right_tablet:10|padding_top_tablet:10|padding_bottom_tablet:10|padding_left_tablet:10|padding_right_tablet:10|margin_top_mobile:0|border_top_mobile:10|border_bottom_mobile:10|border_left_mobile:10|border_right_mobile:10|padding_top_mobile:10|padding_bottom_mobile:10|padding_left_mobile:10|padding_right_mobile:10&#8243;][vc_column][vc_column_text]<\/p>\n<h4>CO JEST W PUDE\u0141KU<\/h4>\n<ul>\n<li>Prze\u0142\u0105cznik niezarz\u0105dzalny Linksys<\/li>\n<li>Skr\u00f3cona instrukcja obs\u0142ugi<\/li>\n<li>Kabel zasilaj\u0105cy lub zasilacz<\/li>\n<li>P\u0142yta CD z dokumentacj\u0105<\/li>\n<li>Zestaw do monta\u017cu na \u015bcianie<\/li>\n<\/ul>\n<p>[\/vc_column_text][vc_row_inner][vc_column_inner][\/vc_column_inner][\/vc_row_inner]<div class=\"dfd-spacer-module\"  data-units=\"px\" data-wide_resolution=\"1280\" data-wide_size=\"15\" data-normal_resolution=\"1024\" data-normal_size=\"\" data-tablet_resolution=\"800\" data-tablet_size=\"\" data-mobile_resolution=\"480\" data-mobile_size=\"\" style=\"height: 15px;\"><\/div>[\/vc_column][\/vc_row][vc_row dfd_row_responsive_enable=&#8221;dfd-row-responsive-enable&#8221; responsive_styles=&#8221;margin_top_desktop:10|margin_bottom_desktop:10|margin_left_desktop:10|margin_right_desktop:10|border_top_desktop:10|border_bottom_desktop:10|border_left_desktop:10|border_right_desktop:10|padding_top_desktop:10|padding_bottom_desktop:10|padding_left_desktop:10|padding_right_desktop:10|border_top_tablet:10|border_bottom_tablet:10|border_left_tablet:10|border_right_tablet:10|padding_top_tablet:10|padding_bottom_tablet:10|padding_left_tablet:10|padding_right_tablet:10|border_top_mobile:10|border_bottom_mobile:10|border_left_mobile:10|border_right_mobile:10|padding_top_mobile:10|padding_bottom_mobile:10|padding_left_mobile:10|padding_right_mobile:10&#8243;][vc_column][vc_column_text]<\/p>\n<h4>CECHY PRODUKTU<\/h4>\n<p>1. Szybko\u015b\u0107 po\u0142\u0105czenia przewodowego do 1000 Mb\/s<\/p>\n<p>2. Mo\u017cliwo\u015b\u0107 dodania do sieci lokalnej do 24 urz\u0105dze\u0144<\/p>\n<p>3. \u0141atwa instalacja typu plug-and-play<\/p>\n<p>4. Porty z funkcj\u0105 automatycznego wykrywania automatycznie\u00a0 optymalizuj\u0105 pr\u0119dko\u015b\u0107 dla ka\u017cdego pod\u0142\u0105czonego urz\u0105dzenia<\/p>\n<p>5. Liczne funkcje oszcz\u0119dzania energii<\/p>\n<p>6. Zgodno\u015b\u0107 z norm\u0105 EEE (Energy Efficient Ethernet) 802.3az[\/vc_column_text][vc_row_inner][vc_column_inner][\/vc_column_inner][\/vc_row_inner]<div class=\"dfd-spacer-module\"  data-units=\"px\" data-wide_resolution=\"1280\" data-wide_size=\"15\" data-normal_resolution=\"1024\" data-normal_size=\"\" data-tablet_resolution=\"800\" data-tablet_size=\"\" data-mobile_resolution=\"480\" data-mobile_size=\"\" style=\"height: 15px;\"><\/div>[\/vc_column][\/vc_row][vc_row dfd_row_responsive_enable=&#8221;dfd-row-responsive-enable&#8221; responsive_styles=&#8221;margin_top_desktop:10|margin_bottom_desktop:10|margin_left_desktop:10|margin_right_desktop:10|border_top_desktop:10|border_bottom_desktop:10|border_left_desktop:10|border_right_desktop:10|padding_top_desktop:10|padding_bottom_desktop:10|padding_left_desktop:10|padding_right_desktop:10|border_top_tablet:10|border_bottom_tablet:10|border_left_tablet:10|border_right_tablet:10|padding_top_tablet:10|padding_bottom_tablet:10|padding_left_tablet:10|padding_right_tablet:10|border_top_mobile:10|border_bottom_mobile:10|border_left_mobile:10|border_right_mobile:10|padding_top_mobile:10|padding_bottom_mobile:10|padding_left_mobile:10|padding_right_mobile:10&#8243;][vc_column]<div class=\"dfd-heading-shortcode\"><div class=\"dfd-heading-module-wrap  text-center style_01 dfd-heading-69ffc6efad92e dfd-disable-resposive-headings\" id=\"dfd-heading-69ffc6efad92e\" ><div class=\"inline-block\"><div class=\"dfd-heading-module\"><h5 class=\"widget-title dfd-title \" style=\"\"><\/p>\n<h2>Dane techniczne<\/h2>\n<p><\/h5><div class=\"dfd-heading-delimiter\"><\/div><\/div><\/div><\/div><script type=\"text\/javascript\">\r\n\t\t\t\t\t\t\t\t\t(function($) {\r\n\t\t\t\t\t\t\t\t\t\t$(\"head\").append(\"<style>.dfd-heading-69ffc6efad92e.dfd-heading-module-wrap .dfd-heading-module .dfd-heading-delimiter {border-bottom-style:solid;border-bottom-width:1px;width:100px;border-bottom-color:#dddddd;}.dfd-heading-69ffc6efad92e.dfd-heading-module-wrap .dfd-heading-module .dfd-heading-delimiter {margin-top:10px;margin-bottom:10px;}<\/style>\");\r\n\t\t\t\t\t\t\t\t\t})(jQuery);\r\n\t\t\t\t\t\t\t\t<\/script><\/div><div class=\"dfd-spacer-module\"  data-units=\"px\" data-wide_resolution=\"1280\" data-wide_size=\"15\" data-normal_resolution=\"1024\" data-normal_size=\"\" data-tablet_resolution=\"800\" data-tablet_size=\"\" data-mobile_resolution=\"480\" data-mobile_size=\"\" style=\"height: 15px;\"><\/div>[\/vc_column][\/vc_row][vc_row dfd_row_responsive_enable=&#8221;dfd-row-responsive-enable&#8221; responsive_styles=&#8221;margin_top_desktop:10|margin_bottom_desktop:10|margin_left_desktop:10|margin_right_desktop:10|border_top_desktop:10|border_bottom_desktop:10|border_left_desktop:10|border_right_desktop:10|padding_top_desktop:10|padding_bottom_desktop:10|padding_left_desktop:10|padding_right_desktop:10|border_top_tablet:10|border_bottom_tablet:10|border_left_tablet:10|border_right_tablet:10|padding_top_tablet:10|padding_bottom_tablet:10|padding_left_tablet:10|padding_right_tablet:10|border_top_mobile:10|border_bottom_mobile:10|border_left_mobile:10|border_right_mobile:10|padding_top_mobile:10|padding_bottom_mobile:10|padding_left_mobile:10|padding_right_mobile:10&#8243;][vc_column][vc_column_text]<strong>Standardy<\/strong>:<br \/>\nIEEE 802.3, 802.3u, 802.3x, 802.3ab, 802.3az<\/p>\n<hr \/>\n<p><strong>Liczba port\u00f3w<\/strong>:<br \/>\n24<\/p>\n<hr \/>\n<p><strong>Rozmiar tablicy adres\u00f3w MAC<\/strong>:<br \/>\n8 000 wpis\u00f3w<\/p>\n<hr \/>\n<p><strong>Szybko\u015b\u0107:<\/strong><br \/>\n10\/100\/1000<\/p>\n<hr \/>\n<p><strong>Szeroko\u015b\u0107 pasma<\/strong>:<br \/>\n48 Gb\/s (bez blokowania)<\/p>\n<hr \/>\n<p><strong>Wydajno\u015b\u0107:<br \/>\n<\/strong>Pe\u0142na szybko\u015b\u0107 linii i szybko\u015b\u0107 przekazywania ramek 64B przy:<\/p>\n<ul>\n<li>1,488 Mpps dla portu 1000M<\/li>\n<li>0,1488 Mpps dla portu 100M<\/li>\n<li>0,01488 Mpps dla portu 10M<\/li>\n<\/ul>\n<hr \/>\n<p><strong>Jako\u015b\u0107 us\u0142ug:<\/strong><br \/>\n802.1p i DSCP<\/p>\n<hr \/>\n<p><strong>Diody LED:<\/strong><br \/>\nWska\u017aniki \u0142\u0105cza, pr\u0119dko\u015bci i aktywno\u015bci<\/p>\n<hr \/>\n<p><strong>Zasilanie:<\/strong><br \/>\nWewn\u0119trzne<\/p>\n<hr \/>\n<p><strong>Zasilanie:<br \/>\n<\/strong>Zasilanie 110-240V AC, 50\/60Hz<\/p>\n<hr \/>\n<p><strong>Oszcz\u0119dzanie energii:<\/strong><\/p>\n<ul>\n<li>Wykrywanie pod\u0142\u0105czonego kabla<\/li>\n<li>Tryb u\u015bpienia<\/li>\n<\/ul>\n<hr \/>\n<p><strong>Pob\u00f3r mocy w stanie bezczynno\u015bci\/u\u017cytkowania (100% ruchu):<\/strong><br \/>\n4,39 W \/ 14,16 W<\/p>\n<hr \/>\n<p><strong>Wentylator<\/strong>:<br \/>\nBrak<\/p>\n<hr \/>\n<p><strong>Typ obudowy:<br \/>\n<\/strong>Metal<\/p>\n<hr \/>\n<p><strong>Wymiary urz\u0105dzenia:<br \/>\n<\/strong> 440 x 200 x 44 mm<\/p>\n<hr \/>\n<p><strong>Masa urz\u0105dzenia:<\/strong><br \/>\n2,374 kg (5,17 lbs)<\/p>\n<hr \/>\n<p><strong>Temperatura (pracy):<br \/>\n<\/strong>0-50\u00b0C (32-122\u00b0F)<\/p>\n<hr \/>\n<p><strong>Temperatura (przechowywanie):<\/strong><br \/>\n-20-70\u00b0C (-4-158\u00b0F)<\/p>\n<hr \/>\n<p><strong>Wilgotno\u015b\u0107 (podczas pracy):<\/strong><br \/>\n10-90% (bez kondensacji)<\/p>\n<hr \/>\n<p><strong>Wilgotno\u015b\u0107 (podczas przechowywania):<br \/>\n<\/strong>10-90% (bez kondensacji)<\/p>\n<hr \/>\n<p><strong>Certyfikaty:<\/strong><br \/>\nFCC klasa A, CE, UL, CB<\/p>\n<hr \/>\n<p><strong>Monta\u017c<\/strong>:<br \/>\nMonta\u017c na \u015bcianie<\/p>\n<hr \/>\n<p><strong>Minimalne wymagania systemowe:<br \/>\n<\/strong><\/p>\n<ul>\n<li>Pod\u0142\u0105czone urz\u0105dzenia wymagaj\u0105 \u0142\u0105czno\u015bci Ethernet,<\/li>\n<li>Ethernet i kable Ethernet<\/li>\n<\/ul>\n<hr \/>\n<p><strong>Gwarancja i wsparcie:<br \/>\n<\/strong><\/p>\n<ul>\n<li>Do\u017cywotnia ograniczona gwarancja<\/li>\n<li>Linksys.com\/business\/support<\/li>\n<\/ul>\n<hr \/>\n<p><strong>Zawarto\u015b\u0107 opakowania:<\/strong><\/p>\n<ul>\n<li>24-portowy prze\u0142\u0105cznik Gigabit Ethernet Linksys LGS124<\/li>\n<li>Kabel zasilaj\u0105cy<\/li>\n<li>Skr\u00f3cona instrukcja obs\u0142ugi<\/li>\n<\/ul>\n<p>[\/vc_column_text][\/vc_column][\/vc_row][vc_row][vc_column][vc_row_inner][vc_column_inner][\/vc_column_inner][\/vc_row_inner][\/vc_column][\/vc_row][vc_row][vc_column][vc_column_text]<\/p>\n<\/div>\n<p>[\/vc_column_text][\/vc_column][\/vc_row]<\/p>\n","protected":false},"excerpt":{"rendered":"<p>[vc_row][vc_column][vc_column_text] [\/vc_column_text][\/vc_column][\/vc_row][vc_row][vc_column][vc_gallery interval=&#8221;10&#8243; images=&#8221;1292,1293,1294,1295,1296,1297,1298&#8243; img_size=&#8221;full&#8221; css=&#8221;.vc_custom_1649163555880{padding-top: 10px !important;}&#8221;][\/vc_column][\/vc_row][vc_row dfd_row_responsive_enable=&#8221;dfd-row-responsive-enable&#8221; responsive_styles=&#8221;margin_top_desktop:10|margin_bottom_desktop:10|margin_left_desktop:10|margin_right_desktop:10|border_top_desktop:10|border_bottom_desktop:10|border_left_desktop:10|border_right_desktop:10|padding_bottom_desktop:10|padding_left_desktop:10|padding_right_desktop:10|border_top_tablet:10|border_bottom_tablet:10|border_left_tablet:10|border_right_tablet:10|padding_top_tablet:10|padding_bottom_tablet:10|padding_left_tablet:10|padding_right_tablet:10|border_top_mobile:10|border_bottom_mobile:10|border_left_mobile:10|border_right_mobile:10|padding_top_mobile:10|padding_bottom_mobile:10|padding_left_mobile:10|padding_right_mobile:10&#8243;][vc_column][\/vc_column][\/vc_row][vc_row dfd_row_responsive_enable=&#8221;dfd-row-responsive-enable&#8221; responsive_styles=&#8221;margin_top_desktop:0|margin_bottom_desktop:0|margin_left_desktop:10|margin_right_desktop:10|border_top_desktop:0|border_bottom_desktop:0|border_left_desktop:10|border_right_desktop:10|padding_top_desktop:0|padding_bottom_desktop:0|padding_left_desktop:10|padding_right_desktop:10|border_top_tablet:0|border_bottom_tablet:0|border_left_tablet:10|border_right_tablet:10|padding_top_tablet:0|padding_bottom_tablet:0|padding_left_tablet:10|padding_right_tablet:10|border_top_mobile:10|border_bottom_mobile:10|border_left_mobile:10|border_right_mobile:10|padding_top_mobile:10|padding_bottom_mobile:10|padding_left_mobile:10|padding_right_mobile:10&#8243;][vc_column][vc_column_text] 24-portowy biurkowy prze\u0142\u0105cznik gigabitowy Linksys LGS124 zwi\u0119ksza wydajno\u015b\u0107 lokalnej sieci przewodowej. Ten niezarz\u0105dzalny prze\u0142\u0105cznik, oferuj\u0105cy 24 porty gigabitowe<\/p>\n","protected":false},"author":5,"featured_media":0,"parent":4,"menu_order":0,"comment_status":"closed","ping_status":"closed","template":"","meta":[],"_links":{"self":[{"href":"https:\/\/linksys.pl\/index.php?rest_route=\/wp\/v2\/pages\/1289"}],"collection":[{"href":"https:\/\/linksys.pl\/index.php?rest_route=\/wp\/v2\/pages"}],"about":[{"href":"https:\/\/linksys.pl\/index.php?rest_route=\/wp\/v2\/types\/page"}],"author":[{"embeddable":true,"href":"https:\/\/linksys.pl\/index.php?rest_route=\/wp\/v2\/users\/5"}],"replies":[{"embeddable":true,"href":"https:\/\/linksys.pl\/index.php?rest_route=%2Fwp%2Fv2%2Fcomments&post=1289"}],"version-history":[{"count":5,"href":"https:\/\/linksys.pl\/index.php?rest_route=\/wp\/v2\/pages\/1289\/revisions"}],"predecessor-version":[{"id":1304,"href":"https:\/\/linksys.pl\/index.php?rest_route=\/wp\/v2\/pages\/1289\/revisions\/1304"}],"up":[{"embeddable":true,"href":"https:\/\/linksys.pl\/index.php?rest_route=\/wp\/v2\/pages\/4"}],"wp:attachment":[{"href":"https:\/\/linksys.pl\/index.php?rest_route=%2Fwp%2Fv2%2Fmedia&parent=1289"}],"curies":[{"name":"wp","href":"https:\/\/api.w.org\/{rel}","templated":true}]}}